
{"id":4,"date":"2020-01-14T15:04:22","date_gmt":"2020-01-14T14:04:22","guid":{"rendered":"https:\/\/www.aulastic.com\/blogs2\/museo\/?page_id=4"},"modified":"2021-05-16T12:00:49","modified_gmt":"2021-05-16T10:00:49","slug":"audioguias","status":"publish","type":"page","link":"https:\/\/www.aulastic.com\/blogs2\/museo\/","title":{"rendered":"AUDIOGU\u00cdAS DEL MUSEO ANT\u00d3N"},"content":{"rendered":"\n<p>Estas audiogu\u00edas han sido realizadas por el alumnado del C.P. San F\u00e9lix y del C.P. Poeta Ant\u00f3n de Marirreguera en colaboraci\u00f3n con el Museo Ant\u00f3n, con el fin de mantener viva la memoria del artista Antonio Rodr\u00edguez \u00abAnt\u00f3n\u00bb y facilitar al visitante de cualquier edad y procedencia su acercamiento a la obra del talentoso escultor candas\u00edn.<\/p>\n\n\n\n<p>No debemos olvidar que la Guerra Civil se llev\u00f3 a los 26 a\u00f1os a este prometedor artista, cuyo legado en la actualidad ser\u00eda incalculable de haber continuado su trayectoria. La sinraz\u00f3n de su triste final es la principal lecci\u00f3n que Ant\u00f3n nos deja para que la historia no se repita. Su legado art\u00edstico engalana al Cand\u00e1s que le vi\u00f3 nacer e inspir\u00f3.<\/p>\n\n\n\n<p>Este proyecto, en colaboraci\u00f3n con el Museo Ant\u00f3n, permite reforzar el v\u00ednculo de Ant\u00f3n con el alumnado de Cand\u00e1s y se integra con otras iniciativas, como los Talleres Art\u00edstico que se llevan a cabo todos los cursos, donde las ni\u00f1as y los ni\u00f1os candasinos se convierten en artistas por un d\u00eda.<\/p>\n\n\n\n<p>Los dos colegios p\u00fablicos de la villa atesoran sendos proyectos ling\u00fc\u00edsticos que han puesto de manifiesto la utilidad de la ense\u00f1anza pluriling\u00fce a la hora de abrir al mundo nuestra cultura. Las audiogu\u00edas est\u00e1n disponibles en castellano, ingl\u00e9s y lengua asturiana.<\/p>\n\n\n\n<p>Las audiogu\u00edas han sido elaboradas por alumnado de toda la etapa de educaci\u00f3n primaria (desde los 6 a los 12 a\u00f1os). <\/p>\n\n\n\n<p>\u00a1Gracias por contribuir a honrar la memoria y obra de Ant\u00f3n!<\/p>\n\n\n\n<iframe loading=\"lazy\" width=\"1170\" height=\"450\" scrolling=\"no\" frameborder=\"no\" src=\"https:\/\/w.soundcloud.com\/player\/?visual=true&#038;url=https%3A%2F%2Fapi.soundcloud.com%2Fplaylists%2F989364901&#038;show_artwork=true&#038;maxwidth=1170&#038;maxheight=1000&#038;dnt=1\"><\/iframe>\n\n\n\n<figure class=\"wp-block-image\"><img loading=\"lazy\" width=\"1024\" height=\"124\" src=\"https:\/\/www.aulastic.com\/blogs2\/museo\/wp-content\/uploads\/sites\/40\/2021\/05\/28FF7F84-37B0-408F-A4D0-25FA82114CC0-1024x124.jpeg\" alt=\"\" class=\"wp-image-85\" srcset=\"https:\/\/www.aulastic.com\/blogs2\/museo\/wp-content\/uploads\/sites\/40\/2021\/05\/28FF7F84-37B0-408F-A4D0-25FA82114CC0-1024x124.jpeg 1024w, https:\/\/www.aulastic.com\/blogs2\/museo\/wp-content\/uploads\/sites\/40\/2021\/05\/28FF7F84-37B0-408F-A4D0-25FA82114CC0-300x36.jpeg 300w, https:\/\/www.aulastic.com\/blogs2\/museo\/wp-content\/uploads\/sites\/40\/2021\/05\/28FF7F84-37B0-408F-A4D0-25FA82114CC0-768x93.jpeg 768w, https:\/\/www.aulastic.com\/blogs2\/museo\/wp-content\/uploads\/sites\/40\/2021\/05\/28FF7F84-37B0-408F-A4D0-25FA82114CC0-830x100.jpeg 830w, https:\/\/www.aulastic.com\/blogs2\/museo\/wp-content\/uploads\/sites\/40\/2021\/05\/28FF7F84-37B0-408F-A4D0-25FA82114CC0-230x28.jpeg 230w, https:\/\/www.aulastic.com\/blogs2\/museo\/wp-content\/uploads\/sites\/40\/2021\/05\/28FF7F84-37B0-408F-A4D0-25FA82114CC0-350x42.jpeg 350w, https:\/\/www.aulastic.com\/blogs2\/museo\/wp-content\/uploads\/sites\/40\/2021\/05\/28FF7F84-37B0-408F-A4D0-25FA82114CC0-480x58.jpeg 480w, https:\/\/www.aulastic.com\/blogs2\/museo\/wp-content\/uploads\/sites\/40\/2021\/05\/28FF7F84-37B0-408F-A4D0-25FA82114CC0.jpeg 2047w\" sizes=\"(max-width: 1024px) 100vw, 1024px\" \/><\/figure>\n","protected":false},"excerpt":{"rendered":"<p>Estas audiogu\u00edas han sido realizadas por el alumnado del C.P. San F\u00e9lix [&hellip;]<\/p>\n","protected":false},"author":77,"featured_media":85,"parent":0,"menu_order":0,"comment_status":"closed","ping_status":"closed","template":"","meta":[],"_links":{"self":[{"href":"https:\/\/www.aulastic.com\/blogs2\/museo\/wp-json\/wp\/v2\/pages\/4"}],"collection":[{"href":"https:\/\/www.aulastic.com\/blogs2\/museo\/wp-json\/wp\/v2\/pages"}],"about":[{"href":"https:\/\/www.aulastic.com\/blogs2\/museo\/wp-json\/wp\/v2\/types\/page"}],"author":[{"embeddable":true,"href":"https:\/\/www.aulastic.com\/blogs2\/museo\/wp-json\/wp\/v2\/users\/77"}],"replies":[{"embeddable":true,"href":"https:\/\/www.aulastic.com\/blogs2\/museo\/wp-json\/wp\/v2\/comments?post=4"}],"version-history":[{"count":14,"href":"https:\/\/www.aulastic.com\/blogs2\/museo\/wp-json\/wp\/v2\/pages\/4\/revisions"}],"predecessor-version":[{"id":86,"href":"https:\/\/www.aulastic.com\/blogs2\/museo\/wp-json\/wp\/v2\/pages\/4\/revisions\/86"}],"wp:featuredmedia":[{"embeddable":true,"href":"https:\/\/www.aulastic.com\/blogs2\/museo\/wp-json\/wp\/v2\/media\/85"}],"wp:attachment":[{"href":"https:\/\/www.aulastic.com\/blogs2\/museo\/wp-json\/wp\/v2\/media?parent=4"}],"curies":[{"name":"wp","href":"https:\/\/api.w.org\/{rel}","templated":true}]}}