
{"id":110,"date":"2016-01-30T22:18:48","date_gmt":"2016-01-30T22:18:48","guid":{"rendered":"https:\/\/www.aulastic.com\/blogs2\/medioambiente\/?page_id=110"},"modified":"2016-01-30T23:03:07","modified_gmt":"2016-01-30T23:03:07","slug":"cultivando","status":"publish","type":"page","link":"https:\/\/www.aulastic.com\/blogs2\/medioambiente\/cultivando\/","title":{"rendered":"CULTIVANDO"},"content":{"rendered":"<p><strong>COMENZAMOS LA TAREA DE CULTIVAR:<\/strong><\/p>\n<p>El primer paso para comenzar a cultivar nuestras propias hortalizas es <strong>preparar los semilleros<\/strong>.<\/p>\n<p>En funci\u00f3n de la hortaliza que busquemos tendremos que preparar los semilleros en una u otra \u00e9poca del a\u00f1o. Tambi\u00e9n debemos tener en cuenta cu\u00e1ndo queremos recoger nuestra cosecha para <strong>planificar<\/strong> de la mejor manera posible, ya que unas hortalizas tardar\u00e1n m\u00e1s que otras en estar listas para comer. Esto es muy importante en el huerto escolar, ya que en julio y agosto, meses de mucha luz, no estaremos en el cole para recoger nuestros deseados productos.<\/p>\n<p>Nosotros hemos comenzado el a\u00f1o 2016 (tercera semana de enero) con semilleros de cebolla, zanahoria, lechuga y espinaca. Tambi\u00e9n hemos plantado perejil, pero \u00e9ste no requiere de semillero y podemos sembrar directamente en la tierra donde queramos cultivarlo.<\/p>\n<p>La preparaci\u00f3n del semillero es bien sencilla:<\/p>\n<p>1.- Utilizaremos un recipiente peque\u00f1o una o unas pocas semillas. Si no tenemos bandejas de semilleros, bien podemos utilizar recipientes reciclados de yogur o hueveras.<\/p>\n<p>2.-La tierra del semillero ha de aportar muchos nutrientes para que nuestra semilla crezca. Nosotros hemos utilizado humus de lombriz combinado con tierra al 50% y tambi\u00e9n hemos usado compost en algunos otros semilleros.<\/p>\n<p>3.-Es importante la<strong> protecci\u00f3n y luz<\/strong> del semillero en las primeras semanas de cultivo. El invernadero es ideal, ya que el viento, animales o exceso de lluvia no afectar\u00e1n tanto a nuestras semillas. Eso s\u00ed, debemos estar atentos para que la temperatura no sea demasiado alta y que la tierra del semillero tenga <strong>hidrataci\u00f3n\u00a0necesaria<\/strong> para que los brotes est\u00e9n garantizados.<\/p>\n<p>\u00bfTe animas a preparar tu semillero?<\/p>\n<p>&nbsp;<\/p>\n","protected":false},"excerpt":{"rendered":"<p>COMENZAMOS LA TAREA DE CULTIVAR: El primer paso para comenzar a cultivar nuestras propias hortalizas es preparar los semilleros. En funci\u00f3n de la hortaliza que busquemos tendremos que preparar los semilleros en una u otra \u00e9poca del a\u00f1o. Tambi\u00e9n debemos tener en cuenta cu\u00e1ndo queremos recoger nuestra cosecha para planificar de la mejor manera posible, [&hellip;]<\/p>\n","protected":false},"author":1,"featured_media":115,"parent":0,"menu_order":0,"comment_status":"closed","ping_status":"closed","template":"","meta":[],"_links":{"self":[{"href":"https:\/\/www.aulastic.com\/blogs2\/medioambiente\/wp-json\/wp\/v2\/pages\/110"}],"collection":[{"href":"https:\/\/www.aulastic.com\/blogs2\/medioambiente\/wp-json\/wp\/v2\/pages"}],"about":[{"href":"https:\/\/www.aulastic.com\/blogs2\/medioambiente\/wp-json\/wp\/v2\/types\/page"}],"author":[{"embeddable":true,"href":"https:\/\/www.aulastic.com\/blogs2\/medioambiente\/wp-json\/wp\/v2\/users\/1"}],"replies":[{"embeddable":true,"href":"https:\/\/www.aulastic.com\/blogs2\/medioambiente\/wp-json\/wp\/v2\/comments?post=110"}],"version-history":[{"count":5,"href":"https:\/\/www.aulastic.com\/blogs2\/medioambiente\/wp-json\/wp\/v2\/pages\/110\/revisions"}],"predecessor-version":[{"id":119,"href":"https:\/\/www.aulastic.com\/blogs2\/medioambiente\/wp-json\/wp\/v2\/pages\/110\/revisions\/119"}],"wp:featuredmedia":[{"embeddable":true,"href":"https:\/\/www.aulastic.com\/blogs2\/medioambiente\/wp-json\/wp\/v2\/media\/115"}],"wp:attachment":[{"href":"https:\/\/www.aulastic.com\/blogs2\/medioambiente\/wp-json\/wp\/v2\/media?parent=110"}],"curies":[{"name":"wp","href":"https:\/\/api.w.org\/{rel}","templated":true}]}}