
{"id":94,"date":"2016-02-10T18:24:19","date_gmt":"2016-02-10T18:24:19","guid":{"rendered":"https:\/\/www.aulastic.com\/blogs2\/elgatucomellingua\/?page_id=94"},"modified":"2016-02-15T18:36:54","modified_gmt":"2016-02-15T18:36:54","slug":"star-wars","status":"publish","type":"page","link":"https:\/\/www.aulastic.com\/blogs2\/elgatucomellingua\/star-wars\/","title":{"rendered":"Star Wars"},"content":{"rendered":"<p>Pa los que vos presten\u00a0les pel\u00edcules de Star Wars (Alex, \u00e9sto inter\u00e9sate), \u00a0ya pod\u00e9is disfrutar de la cuarta parte n&#8217;ingl\u00e9s, con sot\u00edtulos \u00a0en Llingua Asturiana (y poco a poco de dalguna otra pel\u00edcula).<\/p>\n<p>\u00bfQu\u00e9 nun lo cre\u00e9is? Equ\u00ed vos dexamos la noticia:<\/p>\n<p><a href=\"http:\/\/asturies.com\/noticies\/pelicules-pa-deprender-ingles-y-asturianu\" target=\"_blank\">Pel\u00edcules pa deprender ingl\u00e9s y asturianu<\/a><\/p>\n<p>\u00a1Y que la fuercia vos acompa\u00f1e!<\/p>\n","protected":false},"excerpt":{"rendered":"<p>Pa los que vos presten\u00a0les pel\u00edcules de Star Wars (Alex, \u00e9sto inter\u00e9sate), \u00a0ya pod\u00e9is disfrutar de la cuarta parte n&#8217;ingl\u00e9s, con sot\u00edtulos \u00a0en Llingua Asturiana (y poco a poco de dalguna otra pel\u00edcula). \u00bfQu\u00e9 nun lo cre\u00e9is? Equ\u00ed vos dexamos la noticia: Pel\u00edcules pa deprender ingl\u00e9s y asturianu \u00a1Y que la fuercia vos acompa\u00f1e!<\/p>\n","protected":false},"author":85,"featured_media":0,"parent":0,"menu_order":0,"comment_status":"open","ping_status":"closed","template":"","meta":[],"_links":{"self":[{"href":"https:\/\/www.aulastic.com\/blogs2\/elgatucomellingua\/wp-json\/wp\/v2\/pages\/94"}],"collection":[{"href":"https:\/\/www.aulastic.com\/blogs2\/elgatucomellingua\/wp-json\/wp\/v2\/pages"}],"about":[{"href":"https:\/\/www.aulastic.com\/blogs2\/elgatucomellingua\/wp-json\/wp\/v2\/types\/page"}],"author":[{"embeddable":true,"href":"https:\/\/www.aulastic.com\/blogs2\/elgatucomellingua\/wp-json\/wp\/v2\/users\/85"}],"replies":[{"embeddable":true,"href":"https:\/\/www.aulastic.com\/blogs2\/elgatucomellingua\/wp-json\/wp\/v2\/comments?post=94"}],"version-history":[{"count":2,"href":"https:\/\/www.aulastic.com\/blogs2\/elgatucomellingua\/wp-json\/wp\/v2\/pages\/94\/revisions"}],"predecessor-version":[{"id":99,"href":"https:\/\/www.aulastic.com\/blogs2\/elgatucomellingua\/wp-json\/wp\/v2\/pages\/94\/revisions\/99"}],"wp:attachment":[{"href":"https:\/\/www.aulastic.com\/blogs2\/elgatucomellingua\/wp-json\/wp\/v2\/media?parent=94"}],"curies":[{"name":"wp","href":"https:\/\/api.w.org\/{rel}","templated":true}]}}