
{"id":70,"date":"2016-02-10T17:30:11","date_gmt":"2016-02-10T17:30:11","guid":{"rendered":"https:\/\/www.aulastic.com\/blogs2\/elgatucomellingua\/?page_id=70"},"modified":"2016-02-15T18:20:19","modified_gmt":"2016-02-15T18:20:19","slug":"los-nuesos-seres-mitoloxicos","status":"publish","type":"page","link":"https:\/\/www.aulastic.com\/blogs2\/elgatucomellingua\/los-nuesos-seres-mitoloxicos\/","title":{"rendered":"Los Felixeres Mitol\u00f3xicos"},"content":{"rendered":"<p>\u00bfQu\u00e9 quies saber qui\u00e9nes son?. Poco a poco iremos present\u00e1ndote los felixeseres mitol\u00f3xicos que creamos ente tolos\u00a0alumnos de llingua.<\/p>\n<p>\u00bfCu\u00e1l ye\u00b4l que m\u00e1s te presta?<\/p>\n","protected":false},"excerpt":{"rendered":"<p>\u00bfQu\u00e9 quies saber qui\u00e9nes son?. Poco a poco iremos present\u00e1ndote los felixeseres mitol\u00f3xicos que creamos ente tolos\u00a0alumnos de llingua. \u00bfCu\u00e1l ye\u00b4l que m\u00e1s te presta?<\/p>\n","protected":false},"author":85,"featured_media":0,"parent":0,"menu_order":0,"comment_status":"open","ping_status":"closed","template":"","meta":[],"_links":{"self":[{"href":"https:\/\/www.aulastic.com\/blogs2\/elgatucomellingua\/wp-json\/wp\/v2\/pages\/70"}],"collection":[{"href":"https:\/\/www.aulastic.com\/blogs2\/elgatucomellingua\/wp-json\/wp\/v2\/pages"}],"about":[{"href":"https:\/\/www.aulastic.com\/blogs2\/elgatucomellingua\/wp-json\/wp\/v2\/types\/page"}],"author":[{"embeddable":true,"href":"https:\/\/www.aulastic.com\/blogs2\/elgatucomellingua\/wp-json\/wp\/v2\/users\/85"}],"replies":[{"embeddable":true,"href":"https:\/\/www.aulastic.com\/blogs2\/elgatucomellingua\/wp-json\/wp\/v2\/comments?post=70"}],"version-history":[{"count":4,"href":"https:\/\/www.aulastic.com\/blogs2\/elgatucomellingua\/wp-json\/wp\/v2\/pages\/70\/revisions"}],"predecessor-version":[{"id":90,"href":"https:\/\/www.aulastic.com\/blogs2\/elgatucomellingua\/wp-json\/wp\/v2\/pages\/70\/revisions\/90"}],"wp:attachment":[{"href":"https:\/\/www.aulastic.com\/blogs2\/elgatucomellingua\/wp-json\/wp\/v2\/media?parent=70"}],"curies":[{"name":"wp","href":"https:\/\/api.w.org\/{rel}","templated":true}]}}