
{"id":12,"date":"2017-09-17T15:45:20","date_gmt":"2017-09-17T15:45:20","guid":{"rendered":"https:\/\/www.aulastic.com\/blogs2\/cuaderno\/?page_id=12"},"modified":"2018-12-20T21:05:24","modified_gmt":"2018-12-20T21:05:24","slug":"nuestro-blog","status":"publish","type":"page","link":"https:\/\/www.aulastic.com\/blogs2\/cuaderno\/","title":{"rendered":"Nuestro blog"},"content":{"rendered":"<h3 style=\"text-align: center\"><span style=\"color: #008000\">\u00a1FELIZ NAVIDAD!\u00a0<\/span><\/h3>\n<h3 style=\"text-align: center\">\u00a0 \u00a0<img loading=\"lazy\" class=\"size-full wp-image-925 alignnone\" src=\"https:\/\/www.aulastic.com\/blogs2\/cuaderno\/wp-content\/uploads\/sites\/31\/2018\/12\/blogreducida.jpg\" alt=\"\" width=\"760\" height=\"343\" srcset=\"https:\/\/www.aulastic.com\/blogs2\/cuaderno\/wp-content\/uploads\/sites\/31\/2018\/12\/blogreducida.jpg 760w, https:\/\/www.aulastic.com\/blogs2\/cuaderno\/wp-content\/uploads\/sites\/31\/2018\/12\/blogreducida-300x135.jpg 300w\" sizes=\"(max-width: 760px) 100vw, 760px\" \/><\/h3>\n<h3><span style=\"color: #008000\">______________________________________________________<\/span><\/h3>\n<h3 style=\"text-align: center\"><span style=\"color: #800080\">FUTURO EN FEMENINO<\/span><\/h3>\n<p><span style=\"color: #800080\">\u00a1Un debate por la igualdad!<\/span><\/p>\n<p><a href=\"https:\/\/players.brightcove.net\/85707284001\/SyW2UprF_default\/index.html?videoId=5972728846001\"><img loading=\"lazy\" class=\"size-full wp-image-922 aligncenter\" src=\"https:\/\/www.aulastic.com\/blogs2\/cuaderno\/wp-content\/uploads\/sites\/31\/2018\/11\/Captura-1.jpg\" alt=\"\" width=\"550\" height=\"333\" srcset=\"https:\/\/www.aulastic.com\/blogs2\/cuaderno\/wp-content\/uploads\/sites\/31\/2018\/11\/Captura-1.jpg 550w, https:\/\/www.aulastic.com\/blogs2\/cuaderno\/wp-content\/uploads\/sites\/31\/2018\/11\/Captura-1-300x182.jpg 300w\" sizes=\"(max-width: 550px) 100vw, 550px\" \/><\/a><\/p>\n<h4><span style=\"color: #800080\">___________________________________________________________<\/span><\/h4>\n<h4 style=\"text-align: center\"><span style=\"color: #000080\">SOMOS \u00abCUENTACUENTOS\u00bb<\/span><\/h4>\n<p><span style=\"color: #000080\">Estas son los cuentos y leyendas que la semana pasada estuvimos contando en clase.\u00a0 S\u00f3lo tienes que hacer \u00abclick\u00bb en la barra de sonido.\u00a0<\/span><\/p>\n<p><a href=\"https:\/\/www.aulastic.com\/blogs2\/cuaderno\/category\/contamos-cuentos-y-leyendas\/\"><img loading=\"lazy\" class=\"alignnone size-full wp-image-904\" src=\"https:\/\/www.aulastic.com\/blogs2\/cuaderno\/wp-content\/uploads\/sites\/31\/2018\/11\/barra-sonido.jpg\" alt=\"\" width=\"970\" height=\"62\" srcset=\"https:\/\/www.aulastic.com\/blogs2\/cuaderno\/wp-content\/uploads\/sites\/31\/2018\/11\/barra-sonido.jpg 970w, https:\/\/www.aulastic.com\/blogs2\/cuaderno\/wp-content\/uploads\/sites\/31\/2018\/11\/barra-sonido-300x19.jpg 300w, https:\/\/www.aulastic.com\/blogs2\/cuaderno\/wp-content\/uploads\/sites\/31\/2018\/11\/barra-sonido-768x49.jpg 768w\" sizes=\"(max-width: 970px) 100vw, 970px\" \/><\/a><\/p>\n<h3><span style=\"color: #008000\">___________________________________________<\/span><\/h3>\n<h4 style=\"text-align: center\"><span style=\"color: #008000\">PARQUE NATURAL DE REDES<\/span><\/h4>\n<p><span style=\"color: #008000\">El pasado jueves fuimos a visitar el Parque Natural de Redes. All\u00ed nos ense\u00f1aron el Centro de Interpretaci\u00f3n y realizamos una ruta , la del Cam\u00edn Real del Sell\u00f3n. Todo para poner en pr\u00e1ctica lo que hab\u00edamos aprendido en el aula. Puedes ver las fotos del d\u00eda pinchando en la imagen. En el apartado \u00abcategor\u00edas\u00bb, puedes leer nuestras impresiones sobre la visita.<\/span><\/p>\n<p><a href=\"https:\/\/photos.app.goo.gl\/XCoeSnXeYtDgZRLVA\"><img loading=\"lazy\" class=\"size-medium wp-image-865 aligncenter\" src=\"https:\/\/www.aulastic.com\/blogs2\/cuaderno\/wp-content\/uploads\/sites\/31\/2018\/10\/foto-blog-redes-300x225.jpg\" alt=\"\" width=\"300\" height=\"225\" srcset=\"https:\/\/www.aulastic.com\/blogs2\/cuaderno\/wp-content\/uploads\/sites\/31\/2018\/10\/foto-blog-redes-300x225.jpg 300w, https:\/\/www.aulastic.com\/blogs2\/cuaderno\/wp-content\/uploads\/sites\/31\/2018\/10\/foto-blog-redes.jpg 500w\" sizes=\"(max-width: 300px) 100vw, 300px\" \/><\/a><\/p>\n<h2>_______________________________________<\/h2>\n<h2>\u00a0<span style=\"color: #000080\">\u00a1BIENVENIDOS AL NUEVO CURSO!<\/span><\/h2>\n<h6><strong><span style=\"color: #000080\">Despu\u00e9s de unas merecidas vacaciones, volvemos al trabajo. Un nuevo curso que comienza, lleno de ilusiones, ya que es un curso muy especial. Vamos a empezarlo con muchas ganas de trabajar. Es vuestro \u00faltimo impulso en una etapa que acaba, as\u00ed que&#8230;\u00a1\u00e1nimo !<\/span><\/strong><\/h6>\n<p><span style=\"color: #000080\">___________________________________________________________________________<\/span><\/p>\n<p>&nbsp;<\/p>\n<h4><img loading=\"lazy\" class=\"size-medium wp-image-796 aligncenter\" src=\"https:\/\/www.aulastic.com\/blogs2\/cuaderno\/wp-content\/uploads\/sites\/31\/2018\/06\/CERRADO-POR-VACACIONES-BLOG-300x247.jpg\" alt=\"\" width=\"300\" height=\"247\" srcset=\"https:\/\/www.aulastic.com\/blogs2\/cuaderno\/wp-content\/uploads\/sites\/31\/2018\/06\/CERRADO-POR-VACACIONES-BLOG-300x247.jpg 300w, https:\/\/www.aulastic.com\/blogs2\/cuaderno\/wp-content\/uploads\/sites\/31\/2018\/06\/CERRADO-POR-VACACIONES-BLOG.jpg 500w\" sizes=\"(max-width: 300px) 100vw, 300px\" \/><\/h4>\n<p style=\"text-align: left\"><span style=\"color: #0000ff\">En muy pocos d\u00edas llegan las ansiadas vacaciones. Es momento de descansar, disfrutar, ir a la playa, jugar con los amigos y las amigas, estar con la familia&#8230; Pero como hay tiempo para todo,\u00a0 igual quer\u00e9is repasar algo de lo aprendido durante el curso. En las p\u00e1ginas que tenemos de todas las \u00e1reas pod\u00e9is hacerlo. No obstante, aqu\u00ed os dejo unos enlaces para hacer problemas\u00a0 y lecturas. Haz \u00abclick\u00bb en el que prefieras. Pero recuerda, sobre todo&#8230; <\/span><\/p>\n<h4 style=\"text-align: center\"><span style=\"color: #0000ff\">\u00a1\u00a1\u00a1DISFRUTA DE LAS VACACIONES!!!<\/span><\/h4>\n<div style=\"width: 604px;\" class=\"wp-video\"><!--[if lt IE 9]><script>document.createElement('video');<\/script><![endif]-->\n<video class=\"wp-video-shortcode\" id=\"video-12-1\" width=\"604\" height=\"340\" preload=\"metadata\" controls=\"controls\"><source type=\"video\/mp4\" src=\"https:\/\/www.aulastic.com\/hector\/curso2017-18\/findecurso.mp4?_=1\" \/><a href=\"https:\/\/www.aulastic.com\/hector\/curso2017-18\/findecurso.mp4\">https:\/\/www.aulastic.com\/hector\/curso2017-18\/findecurso.mp4<\/a><\/video><\/div>\n<h3><span style=\"color: #666699\">\u00a0 \u00a0 \u00a0 \u00a0 \u00a0<a href=\"https:\/\/www.orientacionandujar.es\/wp-content\/uploads\/2014\/06\/Colecci%C3%B3n-de-problemas-5%C2%BA-primaria.pdf\">PROBLEMAS<\/a>\u00a0 \u00a0 \u00a0 \u00a0 \u00a0 \u00a0<a href=\"https:\/\/cvc.cervantes.es\/aula\/lecturas\/intermedio\/\">LECTURAS\u00a0 I<\/a> \u00a0 \u00a0 <\/span>\u00a0 \u00a0 \u00a0 \u00a0 <a href=\"http:\/\/centros3.pntic.mec.es\/cp.antonio.de.ulloa\/webactivhotpot\/raiz\/Hot%20Pot\/LENGUA\/Lectura%20comprensiva\/index.htm\">LECTURAS II\u00a0<\/a><\/h3>\n<h4><span style=\"color: #000080\">____________________________________________________________<\/span><\/h4>\n<h4 style=\"text-align: center\"><span style=\"color: #008000\">D\u00cdA DE LA PIRAGUA<\/span><\/h4>\n<p><span style=\"color: #008000\">Nuevamente pasamos una jornada en Trasona remando\u00a0 con los Gorilas de Cand\u00e1s. \u00a1Volvi\u00f3 a ser una experiencia muy gratificante y divertida!<\/span><\/p>\n<p><span style=\"color: #008000\">Las fotos las puedes ver\u00a0 pinchando en la imagen, y\u00a0 si quieres leer lo que escribimos del d\u00eda, ve a \u00abcategor\u00edas\u00bb.<\/span><\/p>\n<p><a href=\"https:\/\/photos.app.goo.gl\/Dmshm8DSpSm7s7EI3\"><img loading=\"lazy\" class=\"size-full wp-image-766 aligncenter\" src=\"https:\/\/www.aulastic.com\/blogs2\/cuaderno\/wp-content\/uploads\/sites\/31\/2018\/06\/blog.jpg\" alt=\"\" width=\"500\" height=\"118\" srcset=\"https:\/\/www.aulastic.com\/blogs2\/cuaderno\/wp-content\/uploads\/sites\/31\/2018\/06\/blog.jpg 500w, https:\/\/www.aulastic.com\/blogs2\/cuaderno\/wp-content\/uploads\/sites\/31\/2018\/06\/blog-300x71.jpg 300w\" sizes=\"(max-width: 500px) 100vw, 500px\" \/><\/a><\/p>\n<h4><span style=\"color: #008000\">____________________________________________________________<\/span><\/h4>\n<h4 style=\"text-align: center\"><span style=\"color: #0000ff\">VISITA A LA JUNTA GENERAL DEL PRINCIPADO<\/span><\/h4>\n<h4 style=\"text-align: center\"><span style=\"color: #0000ff\"> Y PRERROM\u00c1NICO ASTURIANO<\/span><\/h4>\n<p><span style=\"color: #0000ff\">El pasado martes realizamos una interesante visita guiada a la Junta General del Principado, para despu\u00e9s conocer una parte del prerrom\u00e1nico asturiano: Santa Mar\u00eda del Naranco y San Miguel de Lillo. Tambi\u00e9n nos acercamos a conocer\u00a0 la Catedral\u00a0 de Oviedo.<\/span><\/p>\n<p><span style=\"color: #0000ff\">Puedes ver las fotos de nuestra visita pinchando en la imagen. Lo que escribimos sobre la visita, en categor\u00edas.<\/span><\/p>\n<p><a href=\"https:\/\/photos.app.goo.gl\/dfZ5tmmEejrnGULI2\"><img loading=\"lazy\" class=\"wp-image-668 aligncenter\" src=\"https:\/\/www.aulastic.com\/blogs2\/cuaderno\/wp-content\/uploads\/sites\/31\/2018\/05\/portada-prerromanico-junta-reducida.jpg\" alt=\"\" width=\"371\" height=\"208\" srcset=\"https:\/\/www.aulastic.com\/blogs2\/cuaderno\/wp-content\/uploads\/sites\/31\/2018\/05\/portada-prerromanico-junta-reducida.jpg 500w, https:\/\/www.aulastic.com\/blogs2\/cuaderno\/wp-content\/uploads\/sites\/31\/2018\/05\/portada-prerromanico-junta-reducida-300x169.jpg 300w\" sizes=\"(max-width: 371px) 100vw, 371px\" \/><\/a><\/p>\n<p><span style=\"color: #0000ff\">___________________________________________________________________________<\/span><\/p>\n<h4 style=\"text-align: center\"><span style=\"color: #008000\">ECOSISTEMAS &#8211; PARQUES NACIONALES<\/span><\/h4>\n<p><span style=\"color: #008000\">Estuvimos realizando unos estupendos trabajos en equipo sobre los ecosistemas y\u00a0 sobre los Parques Nacionales Espa\u00f1oles utilizando una herramienta nueva para presentarlos. Pincha en la cada imagen para poder verlos.\u00a0\u00a0<\/span><\/p>\n<p><a href=\"https:\/\/padlet.com\/inma4\/tbwk0tkvhbnj\"><img loading=\"lazy\" class=\"alignnone size-thumbnail wp-image-590\" src=\"https:\/\/www.aulastic.com\/blogs2\/cuaderno\/wp-content\/uploads\/sites\/31\/2018\/04\/parques-nacionales-150x150.jpg\" alt=\"\" width=\"150\" height=\"150\" \/><\/a>\u00a0 \u00a0 \u00a0 \u00a0 \u00a0 \u00a0 \u00a0 \u00a0<a href=\"https:\/\/padlet.com\/inma4\/6xzu6wdtqtgi\"><img loading=\"lazy\" class=\"size-thumbnail wp-image-589 alignnone\" src=\"https:\/\/www.aulastic.com\/blogs2\/cuaderno\/wp-content\/uploads\/sites\/31\/2018\/04\/ecosistemas-150x150.jpg\" alt=\"\" width=\"150\" height=\"150\" \/><\/a><\/p>\n<p>&nbsp;<\/p>\n<h4>____________________________________________________________<\/h4>\n<h4 style=\"text-align: center\"><span style=\"color: #008000\">PARQUE DE LA VIDA<\/span><\/h4>\n<p><span style=\"color: #008000\">El pasado mi\u00e9rcoles fuimos a Luarca a visitar el \u00abParque de la Vida\u00bb. Fue una experiencia estupenda. Adem\u00e1s, tras trabajar en el aula el tema, sab\u00edamos muchas cosas. Tocamos serpientes y salamandras, vimos f\u00f3siles, calamares gigantes&#8230; y pudimos disfrutar del universo en el planetario. Puedes ver las fotos del d\u00eda pinchando en la imagen. Si quieres ver lo que escribimos sobre la visita, en el apartado de categor\u00edas est\u00e1.<\/span><\/p>\n<p><a href=\"https:\/\/photos.app.goo.gl\/gQUYRaOIcZo1gpCG3\"><img loading=\"lazy\" class=\"size-medium wp-image-556 aligncenter\" src=\"https:\/\/www.aulastic.com\/blogs2\/cuaderno\/wp-content\/uploads\/sites\/31\/2018\/03\/foto-blog-300x135.jpg\" alt=\"\" width=\"300\" height=\"135\" srcset=\"https:\/\/www.aulastic.com\/blogs2\/cuaderno\/wp-content\/uploads\/sites\/31\/2018\/03\/foto-blog-300x135.jpg 300w, https:\/\/www.aulastic.com\/blogs2\/cuaderno\/wp-content\/uploads\/sites\/31\/2018\/03\/foto-blog-604x270.jpg 604w, https:\/\/www.aulastic.com\/blogs2\/cuaderno\/wp-content\/uploads\/sites\/31\/2018\/03\/foto-blog.jpg 760w\" sizes=\"(max-width: 300px) 100vw, 300px\" \/><\/a><\/p>\n<h4>\u00a0___________________________________________________________<\/h4>\n<h4 style=\"text-align: center\"><span style=\"color: #0000ff\">PRESENTAMOS LIBROS<\/span><\/h4>\n<p style=\"text-align: left\"><span style=\"color: #0000ff\">Nos gusta leer, y los libros que leemos y nos parecen interesantes os los queremos recomendar. Si quieres saber qu\u00e9 libros son, de qu\u00e9 tratan, c\u00f3mo son sus personajes, nuestras opiniones y muchas m\u00e1s cosas, s\u00f3lo tienes que darle a la imagen y decidir el t\u00edtulo.<\/span><\/p>\n<p><a href=\"https:\/\/www.aulastic.com\/blogs2\/cuaderno\/category\/presentaciones-de-libros\/\"><img loading=\"lazy\" class=\"size-medium wp-image-437 aligncenter\" src=\"https:\/\/www.aulastic.com\/blogs2\/cuaderno\/wp-content\/uploads\/sites\/31\/2017\/09\/FOTO-LIBROS-blog-225x300.jpg\" alt=\"\" width=\"225\" height=\"300\" srcset=\"https:\/\/www.aulastic.com\/blogs2\/cuaderno\/wp-content\/uploads\/sites\/31\/2017\/09\/FOTO-LIBROS-blog-225x300.jpg 225w, https:\/\/www.aulastic.com\/blogs2\/cuaderno\/wp-content\/uploads\/sites\/31\/2017\/09\/FOTO-LIBROS-blog.jpg 500w\" sizes=\"(max-width: 225px) 100vw, 225px\" \/><\/a><\/p>\n<h2>\u00a0<span style=\"color: #0000ff\">_______________________________________<\/span><\/h2>\n<h2 style=\"text-align: center\"><span style=\"color: #ff0000\">\u00a1\u00a1\u00a1FELIZ\u00a0 \u00a0NAVIDAD!!!<\/span><\/h2>\n<h3><img loading=\"lazy\" class=\"size-full wp-image-416 aligncenter\" src=\"https:\/\/www.aulastic.com\/blogs2\/cuaderno\/wp-content\/uploads\/sites\/31\/2017\/09\/5B-blog.jpg\" alt=\"\" width=\"500\" height=\"281\" srcset=\"https:\/\/www.aulastic.com\/blogs2\/cuaderno\/wp-content\/uploads\/sites\/31\/2017\/09\/5B-blog.jpg 500w, https:\/\/www.aulastic.com\/blogs2\/cuaderno\/wp-content\/uploads\/sites\/31\/2017\/09\/5B-blog-300x169.jpg 300w\" sizes=\"(max-width: 500px) 100vw, 500px\" \/><\/h3>\n<p><img loading=\"lazy\" class=\"size-full wp-image-415 aligncenter\" src=\"https:\/\/www.aulastic.com\/blogs2\/cuaderno\/wp-content\/uploads\/sites\/31\/2017\/09\/5Barbol-blog.jpg\" alt=\"\" width=\"281\" height=\"500\" srcset=\"https:\/\/www.aulastic.com\/blogs2\/cuaderno\/wp-content\/uploads\/sites\/31\/2017\/09\/5Barbol-blog.jpg 281w, https:\/\/www.aulastic.com\/blogs2\/cuaderno\/wp-content\/uploads\/sites\/31\/2017\/09\/5Barbol-blog-169x300.jpg 169w\" sizes=\"(max-width: 281px) 100vw, 281px\" \/><\/p>\n<h3>____________________________________________________<\/h3>\n<h3 style=\"text-align: center\"><span style=\"color: #800080\">CONFERENCIAS DE LOS CLIMAS DE ESPA\u00d1A<\/span><\/h3>\n<h5><span style=\"color: #800080\"><strong>Ya se pueden ver las conferencias que dimos sobre los climas de Espa\u00f1a. Para eso tuvimos que buscar informaci\u00f3n, trabajarla resumiendo y sintetizando, para despu\u00e9s realizar una presentaci\u00f3n y exponerla a toda la clase. Cada equipo realiz\u00f3 una. Puedes verla haciendo \u00abclick\u00bb en el mapa.<\/strong><\/span><\/h5>\n<p><a href=\"https:\/\/www.aulastic.com\/blogs2\/cuaderno\/category\/conferencia-los-climas\/\"><img loading=\"lazy\" class=\"size-medium wp-image-368 aligncenter\" src=\"https:\/\/www.aulastic.com\/blogs2\/cuaderno\/wp-content\/uploads\/sites\/31\/2017\/09\/mapa-300x204.jpg\" alt=\"\" width=\"300\" height=\"204\" srcset=\"https:\/\/www.aulastic.com\/blogs2\/cuaderno\/wp-content\/uploads\/sites\/31\/2017\/09\/mapa-300x204.jpg 300w, https:\/\/www.aulastic.com\/blogs2\/cuaderno\/wp-content\/uploads\/sites\/31\/2017\/09\/mapa.jpg 508w\" sizes=\"(max-width: 300px) 100vw, 300px\" \/><\/a><\/p>\n<p><span style=\"color: #800080\">_______________________________________________________________________<\/span><\/p>\n<h3 style=\"text-align: center\"><span style=\"color: #333399\">LOS PLANETAS<\/span><\/h3>\n<h5><strong><span style=\"color: #333399\">Estuvimos trabajando sobre los planetas y realizamos una serie de actividades. Una de ellas fue la b\u00fasqueda de\u00a0 informaci\u00f3n de cada planeta para realizar un peque\u00f1o trabajo con el que acabamos elaborando un v\u00eddeo por equipos.\u00a0<\/span><\/strong><\/h5>\n<h5><strong><span style=\"color: #333399\">Tambi\u00e9n describimos planetas inventados por nosotros y los dibujamos.\u00a0<\/span><\/strong><\/h5>\n<h5><strong><span style=\"color: #333399\">Puedes ver los v\u00eddeos pinchando <a href=\"https:\/\/www.aulastic.com\/blogs2\/cuaderno\/category\/videos-de-los-planetas\/\">aqu\u00ed<\/a>. En el apartado \u00abcategor\u00edas\u00bb tambi\u00e9n puedes leer las descripciones.<\/span><\/strong><\/h5>\n<p>___________________________________________________________________________<\/p>\n<h3 style=\"text-align: center\"><span style=\"color: #0000ff\"><strong>MAG\u00dcESTU 2017<\/strong><\/span><\/h3>\n<h5><span style=\"color: #0000ff\">De nuevo volvimos a celebrar el mag\u00fcestu junto a nuestros compa\u00f1eros y compa\u00f1eras de 5\u00baA. Hicimos talleres, comimos casta\u00f1as,bebimos sidra dulce y jugamos a los juegos tradicionales. \u00a1Pasamos un d\u00eda estupendo!<\/span><\/h5>\n<h5><span style=\"color: #0000ff\"><strong>Si quieres ver las fotos, pincha en la imagen.<\/strong><\/span><\/h5>\n<p>&nbsp;<\/p>\n<h5><a href=\"https:\/\/photos.app.goo.gl\/A1if7117rBWiGWzm2\"><img loading=\"lazy\" class=\"size-full wp-image-228 aligncenter\" src=\"https:\/\/www.aulastic.com\/blogs2\/cuaderno\/wp-content\/uploads\/sites\/31\/2017\/09\/maguestu.jpg\" alt=\"\" width=\"400\" height=\"204\" srcset=\"https:\/\/www.aulastic.com\/blogs2\/cuaderno\/wp-content\/uploads\/sites\/31\/2017\/09\/maguestu.jpg 400w, https:\/\/www.aulastic.com\/blogs2\/cuaderno\/wp-content\/uploads\/sites\/31\/2017\/09\/maguestu-300x153.jpg 300w\" sizes=\"(max-width: 400px) 100vw, 400px\" \/><\/a><\/h5>\n<h5>_____________________________________________________________<\/h5>\n<h5><span style=\"color: #993300\">\u00a1Hola chicos y chicas de 5\u00baB del Colegio San F\u00e9lix de Cand\u00e1s!<\/span><\/h5>\n<h5><span style=\"color: #993300\">CUADERNO DIGITAL es nuestro blog de clase.Entre todos y todas,\u00a0 a lo largo del curso, trabajaremos en \u00e9l. Aqu\u00ed escribiremos, pondremos nuestros trabajos\u2026 y tendremos p\u00e1ginas para practicar\u00a0lo que aprendamos de forma m\u00e1s divertida.<\/span><\/h5>\n<h5><span style=\"color: #993300\">\u00a1Manos a la obra!<\/span><\/h5>\n","protected":false},"excerpt":{"rendered":"<p>\u00a1FELIZ NAVIDAD!\u00a0 \u00a0 \u00a0 ______________________________________________________ FUTURO EN FEMENINO \u00a1Un debate por la igualdad! ___________________________________________________________ SOMOS \u00abCUENTACUENTOS\u00bb Estas son los cuentos y leyendas que la semana pasada estuvimos contando en clase.\u00a0 S\u00f3lo tienes que hacer \u00abclick\u00bb en la barra de sonido.\u00a0 ___________________________________________ PARQUE NATURAL DE REDES El pasado jueves fuimos a visitar el Parque Natural de &hellip; <a href=\"https:\/\/www.aulastic.com\/blogs2\/cuaderno\/\" class=\"more-link\">Seguir leyendo <span class=\"screen-reader-text\">Nuestro blog<\/span> <span class=\"meta-nav\">&rarr;<\/span><\/a><\/p>\n","protected":false},"author":42,"featured_media":801,"parent":0,"menu_order":0,"comment_status":"closed","ping_status":"closed","template":"","meta":[],"_links":{"self":[{"href":"https:\/\/www.aulastic.com\/blogs2\/cuaderno\/wp-json\/wp\/v2\/pages\/12"}],"collection":[{"href":"https:\/\/www.aulastic.com\/blogs2\/cuaderno\/wp-json\/wp\/v2\/pages"}],"about":[{"href":"https:\/\/www.aulastic.com\/blogs2\/cuaderno\/wp-json\/wp\/v2\/types\/page"}],"author":[{"embeddable":true,"href":"https:\/\/www.aulastic.com\/blogs2\/cuaderno\/wp-json\/wp\/v2\/users\/42"}],"replies":[{"embeddable":true,"href":"https:\/\/www.aulastic.com\/blogs2\/cuaderno\/wp-json\/wp\/v2\/comments?post=12"}],"version-history":[{"count":45,"href":"https:\/\/www.aulastic.com\/blogs2\/cuaderno\/wp-json\/wp\/v2\/pages\/12\/revisions"}],"predecessor-version":[{"id":941,"href":"https:\/\/www.aulastic.com\/blogs2\/cuaderno\/wp-json\/wp\/v2\/pages\/12\/revisions\/941"}],"wp:featuredmedia":[{"embeddable":true,"href":"https:\/\/www.aulastic.com\/blogs2\/cuaderno\/wp-json\/wp\/v2\/media\/801"}],"wp:attachment":[{"href":"https:\/\/www.aulastic.com\/blogs2\/cuaderno\/wp-json\/wp\/v2\/media?parent=12"}],"curies":[{"name":"wp","href":"https:\/\/api.w.org\/{rel}","templated":true}]}}