
{"id":514,"date":"2018-05-07T09:32:15","date_gmt":"2018-05-07T09:32:15","guid":{"rendered":"https:\/\/www.aulastic.com\/blogs2\/charramos\/?page_id=514"},"modified":"2018-05-07T09:32:15","modified_gmt":"2018-05-07T09:32:15","slug":"adolescencia-de-los-10-alos-24-anos","status":"publish","type":"page","link":"https:\/\/www.aulastic.com\/blogs2\/charramos\/familias\/adolescencia-de-los-10-alos-24-anos\/","title":{"rendered":"Adolescencia de los 10 alos 24 a\u00f1os"},"content":{"rendered":"<h1 class=\"js-headline\">La adolescencia \u00abahora se extiende de los 10 a los 24 a\u00f1os\u00bb<\/h1>\n<div class=\"row content cols-70-30\">\n<figure class=\"multimedia-item image\">\n<div class=\"container-image\"><img class=\"full-image\" src=\"http:\/\/e00-elmundo.uecdn.es\/assets\/multimedia\/imagenes\/2018\/01\/19\/15163622550590.jpg\" alt=\"\" \/><\/p>\n<div class=\"seedtag-gohan seedtag-adunit\">\n<div class=\"st-container\"><\/div>\n<\/div>\n<\/div>\n<\/figure>\n<aside class=\"aside-tools byline-tools\">\n<div class=\"content-ad\">\n<div class=\"ad-item-300\">\n<div id=\"div-gpt-ad-ciencia-y-salud_n_b300x100_5a61da35ca4741b8388b45e6\" class=\"publicidad\"><\/div>\n<\/div>\n<\/div>\n<div class=\"js_espacioFijo\"><\/div>\n<\/aside>\n<div class=\"subtitle-items\">\n<p class=\"summary-lead\">En Espa\u00f1a la edad media de los hombres para el matrimonio es 35,04<\/p>\n<p class=\"summary-lead\">Se ha retrasado la adopci\u00f3n de roles y responsabilidades<\/p>\n<\/div>\n<p>La revista m\u00e9dica <a href=\"http:\/\/www.thelancet.com\/\" target=\"_blank\" rel=\"noopener\">&#8216;The Lancet&#8217;<\/a> ha sugerido, en un art\u00edculo de opini\u00f3n, que la adolescencia es un periodo vital que \u00abahora se extiende desde los 10 a los 24 a\u00f1os\u00bb, <strong>cinco m\u00e1s de los 19 hasta ahora considerados como el momento de superaci\u00f3n<\/strong> de esta etapa de la vida.<\/p>\n<p>La prolongaci\u00f3n de la fase educativa o <strong>la demora a la hora de casarse o tener el primer hijo<\/strong> son algunos de los factores que los autores citan como clave para entender este cambio en el desarrollo juvenil.<\/p>\n<p>La adolescencia comienza con la pubertad, <strong>biol\u00f3gicamente determinada por la actividad del hipot\u00e1lamo<\/strong>, que genera hormonas que activan la gl\u00e1ndula pituitaria y las g\u00f3nadas, seg\u00fan describe el art\u00edculo.<\/p>\n<p>Como consecuencia del desarrollo industrial, que <strong>ha llevado a mejoras de nutrici\u00f3n y salud<\/strong>, este proceso se ha adelantado en el tiempo, a la vez que el crecimiento del cuerpo y, concretamente, del cerebro, contin\u00faa actualmente hasta pasados los 20 a\u00f1os.<\/p>\n<p>En este contexto biol\u00f3gico, apuntaron los cient\u00edficos de &#8216;The Lancet&#8217;, en los \u00faltimos 40 a\u00f1os <strong>se ha retrasado la adopci\u00f3n de roles y responsabilidades \u00abasociados a la edad adulta\u00bb<\/strong>, como el matrimonio, tener descendencia o alcanzar la independencia econ\u00f3mica.<\/p>\n<p>En Espa\u00f1a, por ejemplo, <strong>la edad media de los hombres para el matrimonio es 35,04 y la de las mujeres, 32,93<\/strong>, nueve a\u00f1os m\u00e1s que en 1975.<\/p>\n<p>La doctora <strong>Susan Sawyer<\/strong> de la Universidad de Melbourne (Australia), una de las autoras del informe, defendi\u00f3 la importancia de institucionalizar este cambio para asegurar que la legislaci\u00f3n se mantiene actualizada y permitir, por ejemplo, <strong>que las ayudas a los j\u00f3venes se extiendan hasta los 25 a\u00f1os<\/strong>.<\/p>\n<p>En contraste, el experto en sociolog\u00eda parental <strong>Jan Macvarish<\/strong> de la Universidad de Kent (Inglaterra), sostuvo que la madurez de los adolescentes est\u00e1 determinada por \u00ablas expectativas que la sociedad pueda tener de ellos\u00bb y no, como defendi\u00f3 Sawyer, por su \u00abcrecimiento biol\u00f3gico\u00bb.<\/p>\n<p>Seg\u00fan apostill\u00f3 Macvarish, en declaraciones a los medios de comunicaci\u00f3n, reconocer la ampliaci\u00f3n temporal de la adolescencia <strong>demostrar\u00eda que la sociedad ha reducido sus expectativas para la siguiente generaci\u00f3n<\/strong>, cuando no es \u00abnecesariamente infantil\u00bb pasar la d\u00e9cada de los 20 en la Universidad o probando diferentes trabajos.<\/p>\n<\/div>\n","protected":false},"excerpt":{"rendered":"<p>La adolescencia \u00abahora se extiende de los 10 a los 24 a\u00f1os\u00bb En Espa\u00f1a la edad media de los hombres para el matrimonio es 35,04 Se ha retrasado la adopci\u00f3n de roles y responsabilidades La revista m\u00e9dica &#8216;The Lancet&#8217; ha sugerido, en un art\u00edculo de opini\u00f3n, que la adolescencia es un periodo vital que \u00abahora &hellip; <a href=\"https:\/\/www.aulastic.com\/blogs2\/charramos\/familias\/adolescencia-de-los-10-alos-24-anos\/\" class=\"more-link\">Seguir leyendo <span class=\"screen-reader-text\">Adolescencia de los 10 alos 24 a\u00f1os<\/span> <span class=\"meta-nav\">&rarr;<\/span><\/a><\/p>\n","protected":false},"author":80,"featured_media":0,"parent":38,"menu_order":0,"comment_status":"closed","ping_status":"closed","template":"","meta":[],"_links":{"self":[{"href":"https:\/\/www.aulastic.com\/blogs2\/charramos\/wp-json\/wp\/v2\/pages\/514"}],"collection":[{"href":"https:\/\/www.aulastic.com\/blogs2\/charramos\/wp-json\/wp\/v2\/pages"}],"about":[{"href":"https:\/\/www.aulastic.com\/blogs2\/charramos\/wp-json\/wp\/v2\/types\/page"}],"author":[{"embeddable":true,"href":"https:\/\/www.aulastic.com\/blogs2\/charramos\/wp-json\/wp\/v2\/users\/80"}],"replies":[{"embeddable":true,"href":"https:\/\/www.aulastic.com\/blogs2\/charramos\/wp-json\/wp\/v2\/comments?post=514"}],"version-history":[{"count":1,"href":"https:\/\/www.aulastic.com\/blogs2\/charramos\/wp-json\/wp\/v2\/pages\/514\/revisions"}],"predecessor-version":[{"id":515,"href":"https:\/\/www.aulastic.com\/blogs2\/charramos\/wp-json\/wp\/v2\/pages\/514\/revisions\/515"}],"up":[{"embeddable":true,"href":"https:\/\/www.aulastic.com\/blogs2\/charramos\/wp-json\/wp\/v2\/pages\/38"}],"wp:attachment":[{"href":"https:\/\/www.aulastic.com\/blogs2\/charramos\/wp-json\/wp\/v2\/media?parent=514"}],"curies":[{"name":"wp","href":"https:\/\/api.w.org\/{rel}","templated":true}]}}