
{"id":49,"date":"2015-11-26T09:33:05","date_gmt":"2015-11-26T09:33:05","guid":{"rendered":"https:\/\/www.aulastic.com\/blogs2\/charramos\/?page_id=49"},"modified":"2016-04-18T12:45:47","modified_gmt":"2016-04-18T12:45:47","slug":"estadios-del-lenguaje","status":"publish","type":"page","link":"https:\/\/www.aulastic.com\/blogs2\/charramos\/familias\/estadios-del-lenguaje\/","title":{"rendered":"Estadios del lenguaje"},"content":{"rendered":"<p>Esta entrada, nos da una las un mapa bastante completo, del lugar en el que tienen que estar nuestros hijos en cada una de las edades, hasta los tres a\u00f1os. Adem\u00e1s, nos habla de malos h\u00e1bitos y de cosas que pueden perjudicar los avances a nivel articulatorio, principalmente y para terminar, tenemos actividades de estimulaci\u00f3n, que son f\u00e1ciles y sencillas y nos pueden inspirar y dar ideas para otras nuevas que se nos ocurran a nosotros.<\/p>\n<p>Espero que os sirva.<\/p>\n<p><a href=\"https:\/\/www.aulastic.com\/blogs2\/charramos\/wp-content\/uploads\/sites\/18\/2015\/11\/desarrollo_com_lenguaje1.pdf\" rel=\"\">desarrollo_com_lenguaje1<\/a><\/p>\n<p>Estos videos son cortitos pero creo que explican claramente los estadios del lenguaje de un ni\u00f1o y cuando tendremos que preocuparnos y por qu\u00e9 cosas:<\/p>\n<p><iframe loading=\"lazy\" width=\"604\" height=\"340\" src=\"https:\/\/www.youtube.com\/embed\/iiDbEA2J9fc?feature=oembed\" frameborder=\"0\" allowfullscreen><\/iframe><\/p>\n<p><iframe loading=\"lazy\" width=\"604\" height=\"340\" src=\"https:\/\/www.youtube.com\/embed\/co7dhyfwWrI?feature=oembed\" frameborder=\"0\" allowfullscreen><\/iframe><\/p>\n<p><iframe loading=\"lazy\" width=\"604\" height=\"340\" src=\"https:\/\/www.youtube.com\/embed\/w46VllA86Tw?feature=oembed\" frameborder=\"0\" allowfullscreen><\/iframe><\/p>\n","protected":false},"excerpt":{"rendered":"<p>Esta entrada, nos da una las un mapa bastante completo, del lugar en el que tienen que estar nuestros hijos en cada una de las edades, hasta los tres a\u00f1os. Adem\u00e1s, nos habla de malos h\u00e1bitos y de cosas que pueden perjudicar los avances a nivel articulatorio, principalmente y para terminar, tenemos actividades de estimulaci\u00f3n, &hellip; <a href=\"https:\/\/www.aulastic.com\/blogs2\/charramos\/familias\/estadios-del-lenguaje\/\" class=\"more-link\">Seguir leyendo <span class=\"screen-reader-text\">Estadios del lenguaje<\/span> <span class=\"meta-nav\">&rarr;<\/span><\/a><\/p>\n","protected":false},"author":80,"featured_media":0,"parent":38,"menu_order":0,"comment_status":"closed","ping_status":"closed","template":"","meta":[],"_links":{"self":[{"href":"https:\/\/www.aulastic.com\/blogs2\/charramos\/wp-json\/wp\/v2\/pages\/49"}],"collection":[{"href":"https:\/\/www.aulastic.com\/blogs2\/charramos\/wp-json\/wp\/v2\/pages"}],"about":[{"href":"https:\/\/www.aulastic.com\/blogs2\/charramos\/wp-json\/wp\/v2\/types\/page"}],"author":[{"embeddable":true,"href":"https:\/\/www.aulastic.com\/blogs2\/charramos\/wp-json\/wp\/v2\/users\/80"}],"replies":[{"embeddable":true,"href":"https:\/\/www.aulastic.com\/blogs2\/charramos\/wp-json\/wp\/v2\/comments?post=49"}],"version-history":[{"count":5,"href":"https:\/\/www.aulastic.com\/blogs2\/charramos\/wp-json\/wp\/v2\/pages\/49\/revisions"}],"predecessor-version":[{"id":117,"href":"https:\/\/www.aulastic.com\/blogs2\/charramos\/wp-json\/wp\/v2\/pages\/49\/revisions\/117"}],"up":[{"embeddable":true,"href":"https:\/\/www.aulastic.com\/blogs2\/charramos\/wp-json\/wp\/v2\/pages\/38"}],"wp:attachment":[{"href":"https:\/\/www.aulastic.com\/blogs2\/charramos\/wp-json\/wp\/v2\/media?parent=49"}],"curies":[{"name":"wp","href":"https:\/\/api.w.org\/{rel}","templated":true}]}}