
{"id":386,"date":"2017-03-01T12:52:14","date_gmt":"2017-03-01T12:52:14","guid":{"rendered":"https:\/\/www.aulastic.com\/blogs2\/charramos\/?page_id=386"},"modified":"2017-03-01T12:52:14","modified_gmt":"2017-03-01T12:52:14","slug":"la-importancia-de-la-amistad-entre-ninos","status":"publish","type":"page","link":"https:\/\/www.aulastic.com\/blogs2\/charramos\/familias\/la-importancia-de-la-amistad-entre-ninos\/","title":{"rendered":"La importancia de la amistad entre ni\u00f1os"},"content":{"rendered":"<p><img class=\"aligncenter\" src=\"http:\/\/www.mibebeyyo.com\/images\/bebes2\/xamistad-ninos.jpg.pagespeed.ic.JHvPntLp83.jpg\" alt=\"La importancia de la amistad entre ni\u00f1os\" \/><\/p>\n<div class=\"articleIntro\">\n<h2 class=\"introText\">En el entorno familiar, en el barrio o en el colegio, desde ni\u00f1os, vamos conociendo gente con la que compartimos juegos, aventuras y travesuras. La amistad entre ni\u00f1os les aporta una serie de experiencias que son muy importantes para su desarrollo.<\/h2>\n<\/div>\n<div class=\"articleContent\">\n<p><strong>La amistad entre ni\u00f1os tiene muchos beneficios<\/strong>: los ni\u00f1os aprenden a compartir con los dem\u00e1s, tanto espacios como juguetes, por ejemplo, consiguen desarrollar su autonom\u00eda personal y aprenden junto con el resto de amigos.<\/p>\n<p><strong>La tarea de los padres consiste en saber aconsejar a sus hijos para que sepan elegir qui\u00e9nes son sus amigos<\/strong> y poder evitar, en el futuro, problemas de socializaci\u00f3n, para lo que es importante dejar a un lado el autoritarismo y mostrar respeto, apoyo y comprensi\u00f3n con los hijos.<\/p>\n<p><strong>Para los ni\u00f1os, el valor de la amistad no es el mismo que para los adultos,<\/strong> y el concepto de la amistad entre ellos\u00a0va evolucionando en funci\u00f3n de la edad.<\/p>\n<h2>La amistad en los primeros a\u00f1os<\/h2>\n<p><strong>Durante los dos primeros a\u00f1os, <\/strong>los ni\u00f1os van aprendiendo de forma natural, mientras juegan con otros ni\u00f1os. Poco a poco, <strong>van mostrando sus preferencias por algunos ni\u00f1os<\/strong> y, durante esta fase en la que se dan las primeras relaciones, destaca el intercambio de juguetes.<\/p>\n<p><strong>Entre los 2 y 3 a\u00f1os,<\/strong> <strong>los ni\u00f1os eligen a otro ni\u00f1o con quien pueden jugar a lo mismo que \u00e9l<\/strong>, que se convierte en su amigo inseparable, con el que comparten juguetes y juegos, <strong>pero hasta los 4 a\u00f1os seguir\u00e1 primando el juego individual<\/strong> frente al juego en grupo.<\/p>\n<p><strong>Entre los 4 y los 6 a\u00f1os, los ni\u00f1os muestran sus preferencias por ciertos juegos y eligen sus amistades<\/strong>. Durante esta fase, si el ni\u00f1o tiene que cambiar de colegio, no supondr\u00e1 el mismo problema que durante \u00e9pocas posteriores de su infancia.<\/p>\n<p><strong>A partir de los 7 a\u00f1os, es cuando comienzan los juegos en grupo<\/strong>, aceptando las reglas de los juegos mientras desarrollan el pensamiento y el razonamiento l\u00f3gico.<\/p>\n<p>El concepto de amistad entre ni\u00f1os cambia <strong>a partir de los 8 a\u00f1os<\/strong>, y <strong>aparece la figura de los mejores amigos<\/strong>, con los que compartir vivencias, juegos, alegr\u00edas y penas. A partir de esta edad, <strong>la amistad les ayuda a construir una identidad propia<\/strong>, entendiendo lo que significa compartir, y sintiendo que tienen con qui\u00e9n hablar y ser escuchado.<\/p>\n<p><strong>Durante la adolescencia, la amistad juega un papel muy importante<\/strong> en la vida de los ni\u00f1os, ya que pasar\u00e1n m\u00e1s tiempo con sus amigos que con su familia.<\/p>\n<h2>C\u00f3mo fomentar la amistad entre ni\u00f1os<\/h2>\n<p><strong>Relacionarse con otros ni\u00f1os desarrolla la autoestima y la seguridad<\/strong> <strong>del ni\u00f1o<\/strong>, por lo que es importante que los padres animen a sus hijos a jugar con otros ni\u00f1os para que aprendan y compartan experiencias, y no se muestren introvertidos.<\/p>\n<p><strong>Tener amigos es importante para el desarrollo moral y emocional<\/strong> <strong>del ni\u00f1o<\/strong>, ya que compartir juegos, comunicarse, o solucionar problemas, ayuda en su aprendizaje. Durante la edad escolar, las actividades extraescolares son una manera ideal de hacer amigos, ya que comparten intereses comunes.<\/p>\n<p>Por \u00faltimo, es muy importante recordar que\u00a0<strong>los padres son tambi\u00e9n un ejemplo para los hijos<\/strong>, ya que los ni\u00f1os aprenden de las habilidades sociales de los adultos. Adem\u00e1s, deben ense\u00f1ar a sus hijos a resolver conflictos, a desarrollar empat\u00eda, a establecer relaciones, para que mejoren sus habilidades sociales y se sientas m\u00e1s seguros.<\/p>\n<\/div>\n","protected":false},"excerpt":{"rendered":"<p>En el entorno familiar, en el barrio o en el colegio, desde ni\u00f1os, vamos conociendo gente con la que compartimos juegos, aventuras y travesuras. La amistad entre ni\u00f1os les aporta una serie de experiencias que son muy importantes para su desarrollo. La amistad entre ni\u00f1os tiene muchos beneficios: los ni\u00f1os aprenden a compartir con los &hellip; <a href=\"https:\/\/www.aulastic.com\/blogs2\/charramos\/familias\/la-importancia-de-la-amistad-entre-ninos\/\" class=\"more-link\">Seguir leyendo <span class=\"screen-reader-text\">La importancia de la amistad entre ni\u00f1os<\/span> <span class=\"meta-nav\">&rarr;<\/span><\/a><\/p>\n","protected":false},"author":80,"featured_media":0,"parent":38,"menu_order":0,"comment_status":"closed","ping_status":"closed","template":"","meta":[],"_links":{"self":[{"href":"https:\/\/www.aulastic.com\/blogs2\/charramos\/wp-json\/wp\/v2\/pages\/386"}],"collection":[{"href":"https:\/\/www.aulastic.com\/blogs2\/charramos\/wp-json\/wp\/v2\/pages"}],"about":[{"href":"https:\/\/www.aulastic.com\/blogs2\/charramos\/wp-json\/wp\/v2\/types\/page"}],"author":[{"embeddable":true,"href":"https:\/\/www.aulastic.com\/blogs2\/charramos\/wp-json\/wp\/v2\/users\/80"}],"replies":[{"embeddable":true,"href":"https:\/\/www.aulastic.com\/blogs2\/charramos\/wp-json\/wp\/v2\/comments?post=386"}],"version-history":[{"count":1,"href":"https:\/\/www.aulastic.com\/blogs2\/charramos\/wp-json\/wp\/v2\/pages\/386\/revisions"}],"predecessor-version":[{"id":387,"href":"https:\/\/www.aulastic.com\/blogs2\/charramos\/wp-json\/wp\/v2\/pages\/386\/revisions\/387"}],"up":[{"embeddable":true,"href":"https:\/\/www.aulastic.com\/blogs2\/charramos\/wp-json\/wp\/v2\/pages\/38"}],"wp:attachment":[{"href":"https:\/\/www.aulastic.com\/blogs2\/charramos\/wp-json\/wp\/v2\/media?parent=386"}],"curies":[{"name":"wp","href":"https:\/\/api.w.org\/{rel}","templated":true}]}}