
{"id":249,"date":"2016-11-14T13:07:18","date_gmt":"2016-11-14T13:07:18","guid":{"rendered":"https:\/\/www.aulastic.com\/blogs2\/charramos\/?page_id=249"},"modified":"2016-11-14T13:07:18","modified_gmt":"2016-11-14T13:07:18","slug":"trabajamos-la-r-fuerte","status":"publish","type":"page","link":"https:\/\/www.aulastic.com\/blogs2\/charramos\/actividades-de-clase\/trabajamos-la-r-fuerte\/","title":{"rendered":"Trabajamos la \/R\/ fuerte"},"content":{"rendered":"<p>En estos dos v\u00eddeos, vais a poder ver como se introduce la actividad explicando la praxia necesaria para la realizaci\u00f3n del fonema y luego un juego que ayuda a su adquisici\u00f3n y generalizaci\u00f3n. Espero que os sirva y sobre todo os de ideas para seguir estimulando y trabajando vosotros en casa.<\/p>\n<p><iframe loading=\"lazy\" width=\"604\" height=\"340\" src=\"https:\/\/www.youtube.com\/embed\/vo0dTfBFYbY?feature=oembed\" frameborder=\"0\" allowfullscreen><\/iframe><\/p>\n<p><iframe loading=\"lazy\" width=\"604\" height=\"340\" src=\"https:\/\/www.youtube.com\/embed\/tC_bZBJgQ_I?feature=oembed\" frameborder=\"0\" allowfullscreen><\/iframe><\/p>\n<p>&nbsp;<\/p>\n","protected":false},"excerpt":{"rendered":"<p>En estos dos v\u00eddeos, vais a poder ver como se introduce la actividad explicando la praxia necesaria para la realizaci\u00f3n del fonema y luego un juego que ayuda a su adquisici\u00f3n y generalizaci\u00f3n. Espero que os sirva y sobre todo os de ideas para seguir estimulando y trabajando vosotros en casa. &nbsp;<\/p>\n","protected":false},"author":80,"featured_media":0,"parent":215,"menu_order":0,"comment_status":"closed","ping_status":"closed","template":"","meta":[],"_links":{"self":[{"href":"https:\/\/www.aulastic.com\/blogs2\/charramos\/wp-json\/wp\/v2\/pages\/249"}],"collection":[{"href":"https:\/\/www.aulastic.com\/blogs2\/charramos\/wp-json\/wp\/v2\/pages"}],"about":[{"href":"https:\/\/www.aulastic.com\/blogs2\/charramos\/wp-json\/wp\/v2\/types\/page"}],"author":[{"embeddable":true,"href":"https:\/\/www.aulastic.com\/blogs2\/charramos\/wp-json\/wp\/v2\/users\/80"}],"replies":[{"embeddable":true,"href":"https:\/\/www.aulastic.com\/blogs2\/charramos\/wp-json\/wp\/v2\/comments?post=249"}],"version-history":[{"count":1,"href":"https:\/\/www.aulastic.com\/blogs2\/charramos\/wp-json\/wp\/v2\/pages\/249\/revisions"}],"predecessor-version":[{"id":250,"href":"https:\/\/www.aulastic.com\/blogs2\/charramos\/wp-json\/wp\/v2\/pages\/249\/revisions\/250"}],"up":[{"embeddable":true,"href":"https:\/\/www.aulastic.com\/blogs2\/charramos\/wp-json\/wp\/v2\/pages\/215"}],"wp:attachment":[{"href":"https:\/\/www.aulastic.com\/blogs2\/charramos\/wp-json\/wp\/v2\/media?parent=249"}],"curies":[{"name":"wp","href":"https:\/\/api.w.org\/{rel}","templated":true}]}}