
{"id":232,"date":"2016-11-04T09:44:02","date_gmt":"2016-11-04T09:44:02","guid":{"rendered":"https:\/\/www.aulastic.com\/blogs2\/charramos\/?page_id=232"},"modified":"2016-11-04T09:44:02","modified_gmt":"2016-11-04T09:44:02","slug":"dice-palabrotas-2","status":"publish","type":"page","link":"https:\/\/www.aulastic.com\/blogs2\/charramos\/buenos-habitos\/dice-palabrotas-2\/","title":{"rendered":"Dice palabrotas"},"content":{"rendered":"<p><img src=\"http:\/\/www.mibebeyyo.com\/images\/home\/xescuela_76980886.jpg.pagespeed.ic.Nv8rGhT16j.jpg\" alt=\"Dice palabrotas\" \/><\/p>\n<h2 class=\"introText\">Las palabrotas han entrado en la jerga com\u00fan, ya no escandalizan a casi nadie y menos a los ni\u00f1os, que no son conscientes de lo que significan.<\/h2>\n<p>A pesar de esto, el hecho de o\u00edr a un hijo <strong>decir palabrotas <\/strong>continuamente perturba a la mayor\u00eda de los padres. En caso de que esta actitud resulte preocupante, conviene intervenir.<\/p>\n<p><strong>A los ni\u00f1os les gusta decir palabrotas\u00a0<\/strong><strong>porque les permite degustar la transgresi\u00f3n<\/strong> que, desde que el mundo es mundo, desata la fascinaci\u00f3n del ser humano. Por este motivo, muchos expertos consideran que la mejor manera de <a title=\"El ni\u00f1o tiene dislalia\" href=\"http:\/\/mib\/ninos\/educacion-infantil\/dislalia-5005\" target=\"_blank\" rel=\"nofollow\">atajar la pronunciaci\u00f3n<\/a> de estos t\u00e9rminos groseros es mostrar la m\u00e1xima indiferencia cada vez que se produzcan. De hecho, existe la hip\u00f3tesis de que <strong>el ni\u00f1o dice <\/strong><strong>palabrotas <\/strong>de cara a la galer\u00eda, por lo que es razonable imaginar que, al no obtener el efecto deseado, podr\u00eda desistir. Por este motivo, al principio, puede ser aconsejable tomar este camino.<\/p>\n<p>Por otro lado, tambi\u00e9n se le puede explicar de forma clara, sencilla y accesible que a pap\u00e1 y a mam\u00e1 no les gusta que pronuncie estas palabras tan feas, y que tampoco les agrada que las digan los dem\u00e1s. Se le ha de demostrar, adem\u00e1s, que hay otras maneras de manifestar su enfado o asombro, utilizando expresiones menos desagradables.<\/p>\n<p>Si, a pesar de estas advertencias, su actitud no cambia, no hay que enfadarse ni re\u00f1irle. Simplemente, se le debe ignorar cuando diga palabrotas, porque, si el ni\u00f1o comprueba que a los adultos les afecta demasiado que las diga, puede utilizarlas a modo de chantaje.<\/p>\n<div><strong>Dice palabrotas: As\u00ed debes actuar<\/strong><\/div>\n<p>A esta edad, es normal que el ni\u00f1o diga, de vez en cuando, alguna palabrota. Sin embargo, si queremos que esto no se convierta en una costumbre, debemos actuar de la siguiente manera:<br \/>\n\u2022 Evita re\u00edr o sonre\u00edr cuando el ni\u00f1o diga una palabrota. Es una reacci\u00f3n que invita a que la repita.<br \/>\n\u2022 No <a title=\"Rega\u00f1ar bien al ni\u00f1o\" href=\"http:\/\/www.mibebeyyo.com\/bebes\/salud-bienestar\/psicologia\/reganar-renir-544\">rega\u00f1es al ni\u00f1o<\/a> demasiado, pues puede asociar la palabrota con tu atenci\u00f3n.<\/p>\n<p>En caso de que las palabras sean fuertes o puedan provocar problemas de relaci\u00f3n social:<\/p>\n<div>\u2022 Expl\u00edcale que esas palabras molestan a los dem\u00e1s.<br \/>\n\u2022 Cuando el ni\u00f1o est\u00e9 presente, nunca comentes con otras personas las palabras que dice.<br \/>\n\u2022 Ens\u00e9\u00f1ale a disculparse si molesta u ofende a alguien con sus palabras.<\/div>\n<div>\u2022 Ofr\u00e9cele alternativas para expresar su rabia.\n<\/div>\n<div><strong>Dice palabrotas: Los padres han de ser firmes y coherentes<\/strong><\/div>\n<p>\u2022 El ni\u00f1o, que est\u00e1 dotado de antenas sumamente sensibles, capaces de captar la contrariedad m\u00e1s all\u00e1 del tel\u00f3n de la indiferencia, puede no querer cambiar de actitud, a pesar de los intentos de sus padres.<\/p>\n<p>En este caso, sobre todo si sus palabrotas resultan intolerables o, en cualquier caso, crean situaciones especialmente embarazosas con los extra\u00f1os, es aconsejable pasar a actitudes m\u00e1s duras. \u00c9stas consisten, simplemente, en imponerle, como regla base, que no se puede transgredir en ning\u00fan caso el control del lenguaje.<\/p>\n<p>Con tono firme y decidido, se le puede decir que las palabrotas que \u00e9l pronuncia molestan a los dem\u00e1s y que, por lo tanto, debe dejar de decirlas. Los padres han de transmitirle el mensaje de que su libertad (como la de todos nosotros) termina donde empieza la de los dem\u00e1s, y que hacer una cosa desagradable para las personas que le rodean est\u00e1 terminantemente prohibido.<\/p>\n<p>Sin embargo, si se opta por esta actitud, hay que ser coherentes despu\u00e9s. Cada palabrota del ni\u00f1o debe censurarse al menos <a title=\"Decir que no al ni\u00f1o\" href=\"http:\/\/www.mibebeyyo.com\/ninos\/crecimiento\/2-3-anos\/decir-no-2-3-anos-540\">diciendo al ni\u00f1o un \u201c<\/a><a title=\"Decir que no al ni\u00f1o\" href=\"http:\/\/www.mibebeyyo.com\/ninos\/crecimiento\/2-3-anos\/decir-no-2-3-anos-540\">no<\/a><a title=\"Decir que no al ni\u00f1o\" href=\"http:\/\/www.mibebeyyo.com\/ninos\/crecimiento\/2-3-anos\/decir-no-2-3-anos-540\">\u201d<\/a> y los padres, a su vez, deben controlar todos los t\u00e9rminos que utilizan. Tambi\u00e9n en este caso, el ejemplo constituye una gran ayuda.<\/p>\n<p>\u2022 No obstante, si <strong>el ni\u00f1o no deja de decir palabrotas<\/strong> o si la frecuencia de las mismas es excesiva, puede ser que necesite llamar la atenci\u00f3n. Los padres deber\u00edan plantearse si le brindan verdaderamente esa atenci\u00f3n o si son muy estrictos con \u00e9l.<\/p>\n<div><strong>Dice palabrotas: \u00abT\u00fa tambi\u00e9n lo has dicho\u00bb<\/strong><\/div>\n<p>Los ni\u00f1os que suelen decir muchas palabrotas, en el momento en que se les rega\u00f1a, son especialistas en subrayar que pap\u00e1 o mam\u00e1 tambi\u00e9n las dicen (o las han dicho).<\/p>\n<p>Ante una \u201cacusaci\u00f3n\u201d semejante, los padres pueden sentirse entre la espada y la pared, y no saber muy bien c\u00f3mo comportarse. Sin embargo, existe una soluci\u00f3n muy sencilla: el padre o la madre puede decir que se arrepiente mucho de haberlo hecho y que en el futuro intentar\u00e1 controlarse. As\u00ed, el ni\u00f1o aprender\u00e1 que sus padres no son infalibles y que todos nos podemos equivocar, pero que lo importante es darse cuenta de ello, saber pedir perd\u00f3n e intentar no cometer los mismos errores en el futuro.<\/p>\n","protected":false},"excerpt":{"rendered":"<p>Las palabrotas han entrado en la jerga com\u00fan, ya no escandalizan a casi nadie y menos a los ni\u00f1os, que no son conscientes de lo que significan. A pesar de esto, el hecho de o\u00edr a un hijo decir palabrotas continuamente perturba a la mayor\u00eda de los padres. En caso de que esta actitud resulte &hellip; <a href=\"https:\/\/www.aulastic.com\/blogs2\/charramos\/buenos-habitos\/dice-palabrotas-2\/\" class=\"more-link\">Seguir leyendo <span class=\"screen-reader-text\">Dice palabrotas<\/span> <span class=\"meta-nav\">&rarr;<\/span><\/a><\/p>\n","protected":false},"author":80,"featured_media":0,"parent":199,"menu_order":0,"comment_status":"closed","ping_status":"closed","template":"","meta":[],"_links":{"self":[{"href":"https:\/\/www.aulastic.com\/blogs2\/charramos\/wp-json\/wp\/v2\/pages\/232"}],"collection":[{"href":"https:\/\/www.aulastic.com\/blogs2\/charramos\/wp-json\/wp\/v2\/pages"}],"about":[{"href":"https:\/\/www.aulastic.com\/blogs2\/charramos\/wp-json\/wp\/v2\/types\/page"}],"author":[{"embeddable":true,"href":"https:\/\/www.aulastic.com\/blogs2\/charramos\/wp-json\/wp\/v2\/users\/80"}],"replies":[{"embeddable":true,"href":"https:\/\/www.aulastic.com\/blogs2\/charramos\/wp-json\/wp\/v2\/comments?post=232"}],"version-history":[{"count":1,"href":"https:\/\/www.aulastic.com\/blogs2\/charramos\/wp-json\/wp\/v2\/pages\/232\/revisions"}],"predecessor-version":[{"id":233,"href":"https:\/\/www.aulastic.com\/blogs2\/charramos\/wp-json\/wp\/v2\/pages\/232\/revisions\/233"}],"up":[{"embeddable":true,"href":"https:\/\/www.aulastic.com\/blogs2\/charramos\/wp-json\/wp\/v2\/pages\/199"}],"wp:attachment":[{"href":"https:\/\/www.aulastic.com\/blogs2\/charramos\/wp-json\/wp\/v2\/media?parent=232"}],"curies":[{"name":"wp","href":"https:\/\/api.w.org\/{rel}","templated":true}]}}