
{"id":221,"date":"2016-10-24T12:16:53","date_gmt":"2016-10-24T12:16:53","guid":{"rendered":"https:\/\/www.aulastic.com\/blogs2\/charramos\/?page_id=221"},"modified":"2016-10-24T12:16:53","modified_gmt":"2016-10-24T12:16:53","slug":"generalizacion-del-fonema-z","status":"publish","type":"page","link":"https:\/\/www.aulastic.com\/blogs2\/charramos\/actividades-de-clase\/generalizacion-del-fonema-z\/","title":{"rendered":"Generalizaci\u00f3n del fonema \/z\/"},"content":{"rendered":"<p>Aqu\u00ed pod\u00e9is ver dos juegos para generalizar el sonido \/z\/. Como veis, durante toda la sesi\u00f3n se apoya con el gesto, ya que hay ni\u00f1os que ya han adquirido el sonido, pero que a\u00fan les cuesta utilizarlo de manera espontanea.<\/p>\n<p>Aunque no les salga muy bien todav\u00eda, fijaos en que se le pide que repita, que lo vuelva a hacer, model\u00e1ndole la manera correcta y nunca se le dice que esta mal, cualquier peque\u00f1o logro o acercamiento al sonido hay que premiarlo y elogiarlo.<\/p>\n<p>En el primer v\u00eddeo, ver\u00e9is un juego de memory con cartas que tienen dibujitos que contienen el sonido que nos interesa.<\/p>\n<p>En el segundo v\u00eddeo, es un juego de La Oca, que sigue trabajando el mismo sonido.<\/p>\n<p>La mejor manera de aprender es jugando y si encima, mam\u00e1 y pap\u00e1 juegan conmigo, que m\u00e1s se puede pedir&#8230;. Esto es una idea para que vosotros en casa sig\u00e1is jugando y reforzando este sonido. Si se os ocurre alguna cosa distinta, ser\u00eda genial que la coment\u00e9is aqu\u00ed y todos nos enriquezcamos de las experiencias de los dem\u00e1s.<\/p>\n<p>\u00a1\u00c1nimo familias! Espero que disfrut\u00e9is mucho.<\/p>\n<p><iframe loading=\"lazy\" width=\"604\" height=\"340\" src=\"https:\/\/www.youtube.com\/embed\/yKOexb7w_tI?feature=oembed\" frameborder=\"0\" allowfullscreen><\/iframe><\/p>\n<p><iframe loading=\"lazy\" width=\"604\" height=\"340\" src=\"https:\/\/www.youtube.com\/embed\/AnTRv4WFyFA?feature=oembed\" frameborder=\"0\" allowfullscreen><\/iframe><\/p>\n","protected":false},"excerpt":{"rendered":"<p>Aqu\u00ed pod\u00e9is ver dos juegos para generalizar el sonido \/z\/. Como veis, durante toda la sesi\u00f3n se apoya con el gesto, ya que hay ni\u00f1os que ya han adquirido el sonido, pero que a\u00fan les cuesta utilizarlo de manera espontanea. Aunque no les salga muy bien todav\u00eda, fijaos en que se le pide que repita, &hellip; <a href=\"https:\/\/www.aulastic.com\/blogs2\/charramos\/actividades-de-clase\/generalizacion-del-fonema-z\/\" class=\"more-link\">Seguir leyendo <span class=\"screen-reader-text\">Generalizaci\u00f3n del fonema \/z\/<\/span> <span class=\"meta-nav\">&rarr;<\/span><\/a><\/p>\n","protected":false},"author":80,"featured_media":0,"parent":215,"menu_order":0,"comment_status":"closed","ping_status":"closed","template":"","meta":[],"_links":{"self":[{"href":"https:\/\/www.aulastic.com\/blogs2\/charramos\/wp-json\/wp\/v2\/pages\/221"}],"collection":[{"href":"https:\/\/www.aulastic.com\/blogs2\/charramos\/wp-json\/wp\/v2\/pages"}],"about":[{"href":"https:\/\/www.aulastic.com\/blogs2\/charramos\/wp-json\/wp\/v2\/types\/page"}],"author":[{"embeddable":true,"href":"https:\/\/www.aulastic.com\/blogs2\/charramos\/wp-json\/wp\/v2\/users\/80"}],"replies":[{"embeddable":true,"href":"https:\/\/www.aulastic.com\/blogs2\/charramos\/wp-json\/wp\/v2\/comments?post=221"}],"version-history":[{"count":1,"href":"https:\/\/www.aulastic.com\/blogs2\/charramos\/wp-json\/wp\/v2\/pages\/221\/revisions"}],"predecessor-version":[{"id":222,"href":"https:\/\/www.aulastic.com\/blogs2\/charramos\/wp-json\/wp\/v2\/pages\/221\/revisions\/222"}],"up":[{"embeddable":true,"href":"https:\/\/www.aulastic.com\/blogs2\/charramos\/wp-json\/wp\/v2\/pages\/215"}],"wp:attachment":[{"href":"https:\/\/www.aulastic.com\/blogs2\/charramos\/wp-json\/wp\/v2\/media?parent=221"}],"curies":[{"name":"wp","href":"https:\/\/api.w.org\/{rel}","templated":true}]}}