
{"id":218,"date":"2016-10-20T09:54:14","date_gmt":"2016-10-20T09:54:14","guid":{"rendered":"https:\/\/www.aulastic.com\/blogs2\/charramos\/?page_id=218"},"modified":"2016-10-20T09:54:14","modified_gmt":"2016-10-20T09:54:14","slug":"exposicion-de-dinosaurios","status":"publish","type":"page","link":"https:\/\/www.aulastic.com\/blogs2\/charramos\/actividades-de-clase\/exposicion-de-dinosaurios\/","title":{"rendered":"Exposici\u00f3n de dinosaurios"},"content":{"rendered":"<p>Os presento a Jorge que es un ni\u00f1o que sabe un mont\u00f3n de cosas. Uno de los temas que m\u00e1s le gusta, son los dinosaurios y como veis, gracias a \u00e9l, hemos podido poner muchos nombres en nuestra exposici\u00f3n. De paso, me ha ido explicando algunas caracter\u00edsticas curiosas.<\/p>\n<p>Gracias Jorge!!!!!!<\/p>\n<p><iframe loading=\"lazy\" width=\"604\" height=\"340\" src=\"https:\/\/www.youtube.com\/embed\/3095gxKX9iY?feature=oembed\" frameborder=\"0\" allowfullscreen><\/iframe><\/p>\n","protected":false},"excerpt":{"rendered":"<p>Os presento a Jorge que es un ni\u00f1o que sabe un mont\u00f3n de cosas. Uno de los temas que m\u00e1s le gusta, son los dinosaurios y como veis, gracias a \u00e9l, hemos podido poner muchos nombres en nuestra exposici\u00f3n. De paso, me ha ido explicando algunas caracter\u00edsticas curiosas. Gracias Jorge!!!!!!<\/p>\n","protected":false},"author":80,"featured_media":0,"parent":215,"menu_order":0,"comment_status":"closed","ping_status":"closed","template":"","meta":[],"_links":{"self":[{"href":"https:\/\/www.aulastic.com\/blogs2\/charramos\/wp-json\/wp\/v2\/pages\/218"}],"collection":[{"href":"https:\/\/www.aulastic.com\/blogs2\/charramos\/wp-json\/wp\/v2\/pages"}],"about":[{"href":"https:\/\/www.aulastic.com\/blogs2\/charramos\/wp-json\/wp\/v2\/types\/page"}],"author":[{"embeddable":true,"href":"https:\/\/www.aulastic.com\/blogs2\/charramos\/wp-json\/wp\/v2\/users\/80"}],"replies":[{"embeddable":true,"href":"https:\/\/www.aulastic.com\/blogs2\/charramos\/wp-json\/wp\/v2\/comments?post=218"}],"version-history":[{"count":1,"href":"https:\/\/www.aulastic.com\/blogs2\/charramos\/wp-json\/wp\/v2\/pages\/218\/revisions"}],"predecessor-version":[{"id":219,"href":"https:\/\/www.aulastic.com\/blogs2\/charramos\/wp-json\/wp\/v2\/pages\/218\/revisions\/219"}],"up":[{"embeddable":true,"href":"https:\/\/www.aulastic.com\/blogs2\/charramos\/wp-json\/wp\/v2\/pages\/215"}],"wp:attachment":[{"href":"https:\/\/www.aulastic.com\/blogs2\/charramos\/wp-json\/wp\/v2\/media?parent=218"}],"curies":[{"name":"wp","href":"https:\/\/api.w.org\/{rel}","templated":true}]}}