
{"id":146,"date":"2016-09-20T08:48:39","date_gmt":"2016-09-20T08:48:39","guid":{"rendered":"https:\/\/www.aulastic.com\/blogs2\/charramos\/?page_id=146"},"modified":"2016-09-20T08:48:39","modified_gmt":"2016-09-20T08:48:39","slug":"adivinanzas-para-ninos","status":"publish","type":"page","link":"https:\/\/www.aulastic.com\/blogs2\/charramos\/articulacion\/adivinanzas-para-ninos\/","title":{"rendered":"Adivinanzas para ni\u00f1os"},"content":{"rendered":"<h2>Adivinanzas de animales<\/h2>\n<p>1. \u00bfCu\u00e1l es el animal que m\u00e1s tarda en quitarse los zapatos?\u00a0El cienpi\u00e9s.<\/p>\n<p>2. Tengo hipo al decir mi nombre, \u00bfqui\u00e9n soy? El hipop\u00f3tamo.<\/p>\n<p>3. \u00bfQui\u00e9n ser\u00e1 que de noche sale y de d\u00eda se va?\u00a0El b\u00faho.<\/p>\n<p>4. Mi t\u00eda Cuca tiene una mala racha, \u00bfqui\u00e9n ser\u00e1 esta muchacha?\u00a0La cucaracha.<\/p>\n<p>5. \u00bfQu\u00e9 animal tiene las cinco vocales?\u00a0El murci\u00e9lago.<\/p>\n<h2>Adivinanzas de escuela<\/h2>\n<p>6. Es liso como una tabla, es negro como el carb\u00f3n, pero se llena de blanco para darnos la lecci\u00f3n.\u00a0La pizarra.<\/p>\n<p>7. Todo en silencio. Cuando suena el timbre hasta el m\u00e1s peque\u00f1o sale corriendo.\u00a0El recreo.<\/p>\n<p>8. Vengo y voy, voy y vengo dejando blanco lo que era negro. La goma de borrar.<\/p>\n<p>9. S\u00e1bana blanca tendida: hormiguitas negras le bailan encima. La hoja de papel.<\/p>\n<p>10. Todas las palabras s\u00e9, y aunque todas las explique, nunca las pronunciar\u00e9.\u00a0El diccionario.<\/p>\n<h2>Adivinanzas de alimentos<\/h2>\n<p>11. Blanca por dentro, verde por fuera. Si quieres que te lo diga, espera.\u00a0La pera.<\/p>\n<p>12. Vengo de padres cantores, pero yo no soy cantor. Llevo la ropa blanca y amarillo el coraz\u00f3n. \u00bfQui\u00e9n soy?\u00a0El huevo.<\/p>\n<p>13. La A, anda. La B, besa. La C, reza. \u00bfQu\u00e9 fruta es esa?\u00a0La cereza.<\/p>\n<p>14. Tengo capa sobre capa. Si me las quieren quitar, nadie de llorar se escapa. La\u00a0cebolla.<\/p>\n<p>15. Soy un viejo arrugadito que si me echan al agua salgo mucho m\u00e1s gordito. El\u00a0garbanzo.<\/p>\n<h2>Adivinanzas del cuerpo humano<\/h2>\n<p>16. Compuesta de dos mejillas voy con ella todo el d\u00eda, y algunos para insultar mi nombre suelen usar.\u00a0La cara.<\/p>\n<p>17. Si sopla el aire, a la cara viene. Quien es calvo no lo tiene.\u00a0El pelo.<\/p>\n<p>18. Adivina, adivinanza, \u00bfqu\u00e9 esconde el rey en la panza?\u00a0El ombligo.<\/p>\n<p>19. Treinta caballitos blancos por una colina roja, corren, muerden, est\u00e1n quietos, \u00a1y se meten en tu boca!\u00a0Los dientes.<\/p>\n<p>20. Adivina adivinanza, por el d\u00eda est\u00e1n abiertos y por la noche cerrados. \u00bfQu\u00e9 son?\u00a0Los ojos.<\/p>\n<h2>Adivinanzas de profesiones<\/h2>\n<p>21. Por una escalera larga, pelda\u00f1os blancos y negros, sube y baja a sus diez hijos con sonoros martilleos.\u00a0El pianista.<\/p>\n<p>22. Sin ninguna ceremonia con su sombrero calado, viaja delante del rey, del papa o del magistrado.\u00a0El ch\u00f3fer.<\/p>\n<p>23. Caminar es su destino, yendo de casa en casa, y de su saco de cuero, saca paquetes y cartas.\u00a0El cartero.<\/p>\n<p>24. Tengo los zapatos rotos por la suela y el tac\u00f3n. \u00bfQui\u00e9n me los ha de arreglar con la lezna y el punz\u00f3n? El\u00a0zapatero.<\/p>\n<p>25. Sobre lienzos o en papel, \u00a1qu\u00e9 bien emplea el color con l\u00e1pices o pincel! El\u00a0pintor.<\/p>\n<h2>Adivinanzas de personajes<\/h2>\n<p>26. El zapato de cristal que el pr\u00edncipe te prob\u00f3 demostr\u00f3 que hab\u00edas sido la joven que lo enamor\u00f3. La\u00a0Cenicienta.<\/p>\n<p>27. Con un trozo de madera un hombre lo construy\u00f3. Como era muy mentiroso, la nariz se le estir\u00f3.\u00a0Pinocho.<\/p>\n<p>28. Para ver a su abuelita, la ni\u00f1a con una cesta el bosque cruz\u00f3. Wl lobo malvado, que la esperaba, \u00a1ay! \u00a1Casi se lo comi\u00f3!\u00a0Caperucita Roja.<\/p>\n<p>29. Calzado con unas botas, un gato muy avispado, dijo unas cuantas mentiras para ayudar a su amo.\u00a0El gato con botas.<\/p>\n<p>30. Naci\u00f3 en un planeta extra\u00f1o, trabaja de periodista, se transforma en un instante y defiende la justicia.\u00a0Superm\u00e1n.<\/p>\n<h2>Adivinanzas de medios de transporte<\/h2>\n<p>31. Puedo caminar r\u00e1pido y los ni\u00f1os se montan en m\u00ed. Si das a mis pedales, caminar\u00e1s sobre m\u00ed.\u00a0La bicicleta.<\/p>\n<p>32. Cruza los r\u00edos, tambi\u00e9n los mares, vuela sin alas a todas partes.\u00a0La carta.<\/p>\n<p>33. Ave de hierro y acero canta con fuerte zumbido, no tiene plumas ni pico y el cobertizo es su nido. El\u00a0avi\u00f3n.<\/p>\n<p>34. Una se\u00f1ora muy se\u00f1orada, que armando jaleo va por la calzada.\u00a0La moto.<\/p>\n<p>35. Con solamente tres colores ordeno a cada uno. Si todos me respetan, no habr\u00e1 accidente alguno.\u00a0El sem\u00e1foro.<\/p>\n<h2>Adivinanzas del cielo, la Tierra y los astros<\/h2>\n<p>36. Soy rubio y no tengo pelo. Soy alto y no tengo cuerpo. El\u00a0sol.<\/p>\n<p>37. Es redonda como un queso y nadie puede darle un beso. La\u00a0luna.<\/p>\n<p>38. Azul y transparente es, azul y transparente ser\u00e1. Siempre estar\u00e1 arriba y nunca se caer\u00e1. \u00bfQu\u00e9 es?\u00a0El cielo.<\/p>\n<p>39. Mar te digo y no me entiendes, mar te repito y no me comprendes. \u00bfQu\u00e9 ser\u00e1? El\u00a0planeta Marte.<\/p>\n<p>40. Salimos cuando anochece y nos vamos con el gallo. Hay quien dice que las ve \u00a1cuando le pisan un callo!\u00a0Las estrellas.<\/p>\n","protected":false},"excerpt":{"rendered":"<p>Adivinanzas de animales 1. \u00bfCu\u00e1l es el animal que m\u00e1s tarda en quitarse los zapatos?\u00a0El cienpi\u00e9s. 2. Tengo hipo al decir mi nombre, \u00bfqui\u00e9n soy? El hipop\u00f3tamo. 3. \u00bfQui\u00e9n ser\u00e1 que de noche sale y de d\u00eda se va?\u00a0El b\u00faho. 4. Mi t\u00eda Cuca tiene una mala racha, \u00bfqui\u00e9n ser\u00e1 esta muchacha?\u00a0La cucaracha. 5. \u00bfQu\u00e9 &hellip; <a href=\"https:\/\/www.aulastic.com\/blogs2\/charramos\/articulacion\/adivinanzas-para-ninos\/\" class=\"more-link\">Seguir leyendo <span class=\"screen-reader-text\">Adivinanzas para ni\u00f1os<\/span> <span class=\"meta-nav\">&rarr;<\/span><\/a><\/p>\n","protected":false},"author":80,"featured_media":0,"parent":19,"menu_order":0,"comment_status":"closed","ping_status":"closed","template":"","meta":[],"_links":{"self":[{"href":"https:\/\/www.aulastic.com\/blogs2\/charramos\/wp-json\/wp\/v2\/pages\/146"}],"collection":[{"href":"https:\/\/www.aulastic.com\/blogs2\/charramos\/wp-json\/wp\/v2\/pages"}],"about":[{"href":"https:\/\/www.aulastic.com\/blogs2\/charramos\/wp-json\/wp\/v2\/types\/page"}],"author":[{"embeddable":true,"href":"https:\/\/www.aulastic.com\/blogs2\/charramos\/wp-json\/wp\/v2\/users\/80"}],"replies":[{"embeddable":true,"href":"https:\/\/www.aulastic.com\/blogs2\/charramos\/wp-json\/wp\/v2\/comments?post=146"}],"version-history":[{"count":1,"href":"https:\/\/www.aulastic.com\/blogs2\/charramos\/wp-json\/wp\/v2\/pages\/146\/revisions"}],"predecessor-version":[{"id":147,"href":"https:\/\/www.aulastic.com\/blogs2\/charramos\/wp-json\/wp\/v2\/pages\/146\/revisions\/147"}],"up":[{"embeddable":true,"href":"https:\/\/www.aulastic.com\/blogs2\/charramos\/wp-json\/wp\/v2\/pages\/19"}],"wp:attachment":[{"href":"https:\/\/www.aulastic.com\/blogs2\/charramos\/wp-json\/wp\/v2\/media?parent=146"}],"curies":[{"name":"wp","href":"https:\/\/api.w.org\/{rel}","templated":true}]}}