
{"id":134,"date":"2016-09-19T14:59:40","date_gmt":"2016-09-19T14:59:40","guid":{"rendered":"https:\/\/www.aulastic.com\/blogs2\/charramos\/?page_id=134"},"modified":"2016-09-19T14:59:40","modified_gmt":"2016-09-19T14:59:40","slug":"trabalenguas-infantiles","status":"publish","type":"page","link":"https:\/\/www.aulastic.com\/blogs2\/charramos\/articulacion\/trabalenguas-infantiles\/","title":{"rendered":"Trabalenguas infantiles"},"content":{"rendered":"<p style=\"text-align: center\">\n<p>Trabalenguas infantiles: los 10 m\u00e1s divertidos<br \/>\nLos trabalenguas infantiles son unos divertidos juegos de palabras que configuran peque\u00f1os poemas sonoros imposibles de pronunciar. Por ese motivo, los trabalenguas provocan la risa a ni\u00f1os y adultos. Descubre los 10 trabalenguas infantiles m\u00e1s divertidos y \u00a1\u00e9chate unas risas con tus hijos!<\/p>\n<p>Los trabalenguas para ni\u00f1os suelen ser un juego divertido para los peque\u00f1os, ya que consisten en la pronunciaci\u00f3n de peque\u00f1os poemas sonoros dif\u00edciles de pronunciar. La dificultad en la pronunciaci\u00f3n de las palabaras es lo que provoca la risa de los m\u00e1s peque\u00f1os, que suelen pasarlo en grande pronunciando trabalenguas especialmente pensados para ellos, cortos y de poca dificultad. Adem\u00e1s de ser un pasatiempo divertido, los trabalenguas son beneficiosos para los ni\u00f1os, ya que potencian su capacidad de aprendizaje: pronunciaci\u00f3n correcta de las palabras, coordinaci\u00f3n lectora, memorizaci\u00f3n, etc.<\/p>\n<p>Pero \u00bfc\u00f3mo introducir al ni\u00f1o en el mundo de los trabalenguas? Al principio, es importante pedir al peque\u00f1o que repita el trabalenguas despacio, hasta que lo entienda y aprenda a pronunciarlo de memoria. Poco a poco, con paciencia, el ni\u00f1o ir\u00e1 controlando el trabalenguas y, cuando ya domine su pronunciaci\u00f3n despacio, deber\u00e1 ir recit\u00e1ndolo cada vez m\u00e1s deprisa hasta tropezar con las palabras. El juego consiste en ver qui\u00e9n lo repite m\u00e1s veces sin equivocarse.<\/p>\n<p>(Te interesa: Poes\u00edas infantiles: 6 poemas cortos para ni\u00f1os)<\/p>\n<p>(Te interesa: Chistes para ni\u00f1os: los 20 mejores)<\/p>\n<p>(Te interesa: Adivinanzas infantiles: 40 acertijos para ni\u00f1os)<\/p>\n<p>Los 10 trabalenguas m\u00e1s divertidos<br \/>\n1. Con la \u00abP\u00bb<br \/>\nPepe Pecas pica papas con un pico,<br \/>\ncon un pico pica papas Pepe Pecas.<br \/>\nSi Pepe Pecas pica papas con un pico,<br \/>\n\u00bfd\u00f3nde est\u00e1 el pico con que Pepe Pecas pica papas?<\/p>\n<p>2. Con la \u00abR\u00bb<br \/>\nEl perro de San Roque no tiene rabo<br \/>\nporque Ram\u00f3n Ram\u00edrez se lo ha cortado.<br \/>\nY al perro de Ram\u00f3n Ram\u00edrez \u00bfqui\u00e9n el rabo le ha cortado?<\/p>\n<p>3. Uno sobre el amor<br \/>\nEl amor es una locura que solo el cura lo cura,<br \/>\npero el cura que lo cura comete una gran locura.<\/p>\n<p>4. Con la \u00abR\u00bb doble<br \/>\nErre con erre, guitarra;<br \/>\nerre con erre, carril:<br \/>\nr\u00e1pido ruedan los carros,<br \/>\nr\u00e1pido el ferrocarril.<\/p>\n<p>5. El caracol<br \/>\nSi el caracol tuviera cara como tiene el caracol,<br \/>\nfuera cara, fuera col, fuera caracol con cara.<\/p>\n<p>6. Con la \u00abL\u00bb<br \/>\nLado, ledo, lido, lodo, ludo,<br \/>\ndecirlo al rev\u00e9s lo dudo.<br \/>\nLudo, lodo, lido, ledo, lado,<br \/>\n\u00a1Qu\u00e9 trabajo me ha costado!<\/p>\n<p>7. El cielo enladrillado<br \/>\nEl cielo est\u00e1 enladrillado,<br \/>\n\u00bfqui\u00e9n lo desenladrillar\u00e1?<br \/>\nEl desenladrillador que lo desenladrille,<br \/>\nbuen desenladrillador ser\u00e1.<\/p>\n<p>8. Las copas<br \/>\nCompr\u00f3 Paco pocas copas y,<br \/>\ncomo pocas copas compr\u00f3,<br \/>\npocas copas Paco pag\u00f3.<\/p>\n<p>9. Con la \u00abT\u00bb<br \/>\nTres tristes tigres comen trigo en un trigal.<br \/>\nTanto trigo tragan<br \/>\nque los tres tigres tragones<br \/>\ncon el trigo se atragantan.<\/p>\n<p>10. Los cojines de la reina<br \/>\nLos cojines de la reina,<br \/>\nlos cajones del sult\u00e1n.<br \/>\n\u00a1Qu\u00e9 cojines!<br \/>\n\u00bfQu\u00e9 cajones!<br \/>\n\u00bfEn qu\u00e9 cajonera van?<\/p>\n<p>&#8230;&#8230;&#8230;.<\/p>\n<p>&nbsp;<\/p>\n","protected":false},"excerpt":{"rendered":"<p>Trabalenguas infantiles: los 10 m\u00e1s divertidos Los trabalenguas infantiles son unos divertidos juegos de palabras que configuran peque\u00f1os poemas sonoros imposibles de pronunciar. Por ese motivo, los trabalenguas provocan la risa a ni\u00f1os y adultos. Descubre los 10 trabalenguas infantiles m\u00e1s divertidos y \u00a1\u00e9chate unas risas con tus hijos! Los trabalenguas para ni\u00f1os suelen ser &hellip; <a href=\"https:\/\/www.aulastic.com\/blogs2\/charramos\/articulacion\/trabalenguas-infantiles\/\" class=\"more-link\">Seguir leyendo <span class=\"screen-reader-text\">Trabalenguas infantiles<\/span> <span class=\"meta-nav\">&rarr;<\/span><\/a><\/p>\n","protected":false},"author":80,"featured_media":0,"parent":19,"menu_order":0,"comment_status":"closed","ping_status":"closed","template":"","meta":[],"_links":{"self":[{"href":"https:\/\/www.aulastic.com\/blogs2\/charramos\/wp-json\/wp\/v2\/pages\/134"}],"collection":[{"href":"https:\/\/www.aulastic.com\/blogs2\/charramos\/wp-json\/wp\/v2\/pages"}],"about":[{"href":"https:\/\/www.aulastic.com\/blogs2\/charramos\/wp-json\/wp\/v2\/types\/page"}],"author":[{"embeddable":true,"href":"https:\/\/www.aulastic.com\/blogs2\/charramos\/wp-json\/wp\/v2\/users\/80"}],"replies":[{"embeddable":true,"href":"https:\/\/www.aulastic.com\/blogs2\/charramos\/wp-json\/wp\/v2\/comments?post=134"}],"version-history":[{"count":1,"href":"https:\/\/www.aulastic.com\/blogs2\/charramos\/wp-json\/wp\/v2\/pages\/134\/revisions"}],"predecessor-version":[{"id":135,"href":"https:\/\/www.aulastic.com\/blogs2\/charramos\/wp-json\/wp\/v2\/pages\/134\/revisions\/135"}],"up":[{"embeddable":true,"href":"https:\/\/www.aulastic.com\/blogs2\/charramos\/wp-json\/wp\/v2\/pages\/19"}],"wp:attachment":[{"href":"https:\/\/www.aulastic.com\/blogs2\/charramos\/wp-json\/wp\/v2\/media?parent=134"}],"curies":[{"name":"wp","href":"https:\/\/api.w.org\/{rel}","templated":true}]}}