
{"id":222,"date":"2015-03-09T10:34:11","date_gmt":"2015-03-09T10:34:11","guid":{"rendered":"http:\/\/demo.athemes.com\/sydney\/?page_id=8"},"modified":"2017-11-20T23:49:13","modified_gmt":"2017-11-20T23:49:13","slug":"my-front-page","status":"publish","type":"page","link":"https:\/\/www.aulastic.com\/blogs2\/alborada\/","title":{"rendered":"INICIO"},"content":{"rendered":"<div id=\"pl-222\"  class=\"panel-layout\" >\n<div id=\"pg-222-0\"  class=\"panel-grid panel-has-style\"  data-style=\"{&quot;background&quot;:&quot;#0a0a0a&quot;,&quot;background_display&quot;:&quot;tile&quot;,&quot;row_stretch&quot;:&quot;full&quot;,&quot;cell_alignment&quot;:&quot;flex-start&quot;}\" >\n<div class=\"siteorigin-panels-stretch panel-row-style panel-row-style-for-222-0\" data-stretch-type=\"full\" >\n<div id=\"pgc-222-0-0\"  class=\"panel-grid-cell\"  data-style=\"{&quot;background_display&quot;:&quot;tile&quot;,&quot;vertical_alignment&quot;:&quot;auto&quot;}\"  data-weight=\"1\" >\n<div id=\"panel-222-0-0-0\" class=\"so-panel widget panel-first-child\" data-index=\"0\" data-style=\"{&quot;background_image_attachment&quot;:false,&quot;background_display&quot;:&quot;tile&quot;}\" ><\/div>\n<div id=\"panel-222-0-0-1\" class=\"so-panel widget widget_recent-posts widget_recent_entries panel-last-child\" data-index=\"1\" data-style=\"{&quot;background&quot;:&quot;#b5b5b5&quot;,&quot;background_display&quot;:&quot;center&quot;,&quot;border_color&quot;:&quot;#595959&quot;,&quot;font_color&quot;:&quot;#333333&quot;,&quot;link_color&quot;:&quot;#333333&quot;}\" >\n<div class=\"panel-widget-style panel-widget-style-for-222-0-0-1\" >\n<h3 class=\"widget-title\">LO \u00daLTIMO<\/h3>\n<ul>\n<li>\n\t\t\t\t<a href=\"https:\/\/www.aulastic.com\/blogs2\/alborada\/nos-fuimos-a-antromero-en-busca-de-fosiles\/\">Nos fuimos a Antromero en busca de f\u00f3siles<\/a>\n\t\t\t\t\t\t<\/li>\n<li>\n\t\t\t\t<a href=\"https:\/\/www.aulastic.com\/blogs2\/alborada\/nuestro-nuevo-horreo\/\">Nuestro nuevo h\u00f3rreo<\/a>\n\t\t\t\t\t\t<\/li>\n<\/ul><\/div>\n<\/div><\/div>\n<\/div>\n<\/div>\n<\/div>\n","protected":false},"excerpt":{"rendered":"<p>LO \u00daLTIMO Nos fuimos a Antromero en busca de f\u00f3siles Nuestro nuevo h\u00f3rreo<\/p>\n","protected":false},"author":1974,"featured_media":534,"parent":0,"menu_order":0,"comment_status":"open","ping_status":"open","template":"","meta":{"spay_email":""},"_links":{"self":[{"href":"https:\/\/www.aulastic.com\/blogs2\/alborada\/wp-json\/wp\/v2\/pages\/222"}],"collection":[{"href":"https:\/\/www.aulastic.com\/blogs2\/alborada\/wp-json\/wp\/v2\/pages"}],"about":[{"href":"https:\/\/www.aulastic.com\/blogs2\/alborada\/wp-json\/wp\/v2\/types\/page"}],"author":[{"embeddable":true,"href":"https:\/\/www.aulastic.com\/blogs2\/alborada\/wp-json\/wp\/v2\/users\/1974"}],"replies":[{"embeddable":true,"href":"https:\/\/www.aulastic.com\/blogs2\/alborada\/wp-json\/wp\/v2\/comments?post=222"}],"version-history":[{"count":71,"href":"https:\/\/www.aulastic.com\/blogs2\/alborada\/wp-json\/wp\/v2\/pages\/222\/revisions"}],"predecessor-version":[{"id":559,"href":"https:\/\/www.aulastic.com\/blogs2\/alborada\/wp-json\/wp\/v2\/pages\/222\/revisions\/559"}],"wp:featuredmedia":[{"embeddable":true,"href":"https:\/\/www.aulastic.com\/blogs2\/alborada\/wp-json\/wp\/v2\/media\/534"}],"wp:attachment":[{"href":"https:\/\/www.aulastic.com\/blogs2\/alborada\/wp-json\/wp\/v2\/media?parent=222"}],"curies":[{"name":"wp","href":"https:\/\/api.w.org\/{rel}","templated":true}]}}